{"id":7775,"date":"2021-11-18T14:10:55","date_gmt":"2021-11-18T14:10:55","guid":{"rendered":"https:\/\/tusac.ch\/?post_type=product&#038;p=7775"},"modified":"2022-02-15T11:52:03","modified_gmt":"2022-02-15T11:52:03","slug":"pasa-net-neutral","status":"publish","type":"product","link":"https:\/\/tusac.ch\/fr\/shop\/reinigung-und-unterhalt\/reinigungsmittel\/pasa-net-neutral\/","title":{"rendered":"Pasa-Net Neutral"},"content":{"rendered":"<p><strong>Beschreibung<\/strong><\/p>\n<p>W\u00e4sserige Mischungen von Seifen, mit nichtionische und amphotere Tenside und Konservierungsmittel.<\/p>\n<p><strong>Verwendung<\/strong><\/p>\n<p>Ausgiebiger Reiniger f\u00fcr Geschirr und alle abwaschbaren Oberfl\u00e4chen, z.B. auch f\u00fcr die Fenster Reinigung. Streifenfreier Glanz.<\/p>\n<p><strong>Dosierung<\/strong><\/p>\n<p>0.2 &#8211; 1%ige L\u00f6sung (2 &#8211; 10ml pro Liter Waschflotte, bei stark fettiger Verschmutzung entsprechend mehr).<\/p>\n","protected":false},"excerpt":{"rendered":"<p>Pasa Net Neutral<\/p>\n","protected":false},"featured_media":7779,"comment_status":"open","ping_status":"closed","template":"","meta":[],"product_cat":[41,49],"product_tag":[],"_links":{"self":[{"href":"https:\/\/tusac.ch\/fr\/wp-json\/wp\/v2\/product\/7775"}],"collection":[{"href":"https:\/\/tusac.ch\/fr\/wp-json\/wp\/v2\/product"}],"about":[{"href":"https:\/\/tusac.ch\/fr\/wp-json\/wp\/v2\/types\/product"}],"replies":[{"embeddable":true,"href":"https:\/\/tusac.ch\/fr\/wp-json\/wp\/v2\/comments?post=7775"}],"wp:featuredmedia":[{"embeddable":true,"href":"https:\/\/tusac.ch\/fr\/wp-json\/wp\/v2\/media\/7779"}],"wp:attachment":[{"href":"https:\/\/tusac.ch\/fr\/wp-json\/wp\/v2\/media?parent=7775"}],"wp:term":[{"taxonomy":"product_cat","embeddable":true,"href":"https:\/\/tusac.ch\/fr\/wp-json\/wp\/v2\/product_cat?post=7775"},{"taxonomy":"product_tag","embeddable":true,"href":"https:\/\/tusac.ch\/fr\/wp-json\/wp\/v2\/product_tag?post=7775"}],"curies":[{"name":"wp","href":"https:\/\/api.w.org\/{rel}","templated":true}]}}