{"id":7692,"date":"2021-11-11T15:04:46","date_gmt":"2021-11-11T15:04:46","guid":{"rendered":"https:\/\/tusac.ch\/?post_type=product&#038;p=7692"},"modified":"2022-02-12T08:39:50","modified_gmt":"2022-02-12T08:39:50","slug":"pasa-net-pro","status":"publish","type":"product","link":"https:\/\/tusac.ch\/fr\/shop\/reinigung-und-unterhalt\/reinigungsmittel\/pasa-net-pro\/","title":{"rendered":"Pasa-Net Pro"},"content":{"rendered":"<p><strong>Beschreibung<\/strong><\/p>\n<p>Alkalisches Reinigungsmittel mit nichtionische und amphotere Tenside, Additiven und Citrus-Duft f\u00fcr professionellen Gebrauch.<\/p>\n<p><strong>Verwendung<\/strong><\/p>\n<p>Kraftvoller Reiniger f\u00fcr alkalibest\u00e4ndige, wasserfeste Oberfl\u00e4chen z.B. Industrieb\u00f6den, Natur- und Kunststeine (ausgenommen Marmor und Travertin), Maschinenteile, Metallwerkst\u00fccke. L\u00f6st und entfernt auch hartn\u00e4ckige Verschmutzungen aus Fett, \u00d6l, Russ, Nikotin etc.<br \/>\nSchwach sch\u00e4umend.<\/p>\n<p><strong>Dossierung<\/strong><\/p>\n<p>Unterhaltsreinigung: 0.5 \u2013 1% L\u00f6sung 1:5 bis 1:10 f\u00fcr die Grundreinigung, unverd\u00fcnnt um hartn\u00e4ckige Verkrustungen zu beseitigen. Mit Wasser nachsp\u00fclen.<\/p>\n","protected":false},"excerpt":{"rendered":"<p>Pasa Net Pro<\/p>\n","protected":false},"featured_media":7696,"comment_status":"open","ping_status":"closed","template":"","meta":[],"product_cat":[41,49],"product_tag":[],"_links":{"self":[{"href":"https:\/\/tusac.ch\/fr\/wp-json\/wp\/v2\/product\/7692"}],"collection":[{"href":"https:\/\/tusac.ch\/fr\/wp-json\/wp\/v2\/product"}],"about":[{"href":"https:\/\/tusac.ch\/fr\/wp-json\/wp\/v2\/types\/product"}],"replies":[{"embeddable":true,"href":"https:\/\/tusac.ch\/fr\/wp-json\/wp\/v2\/comments?post=7692"}],"wp:featuredmedia":[{"embeddable":true,"href":"https:\/\/tusac.ch\/fr\/wp-json\/wp\/v2\/media\/7696"}],"wp:attachment":[{"href":"https:\/\/tusac.ch\/fr\/wp-json\/wp\/v2\/media?parent=7692"}],"wp:term":[{"taxonomy":"product_cat","embeddable":true,"href":"https:\/\/tusac.ch\/fr\/wp-json\/wp\/v2\/product_cat?post=7692"},{"taxonomy":"product_tag","embeddable":true,"href":"https:\/\/tusac.ch\/fr\/wp-json\/wp\/v2\/product_tag?post=7692"}],"curies":[{"name":"wp","href":"https:\/\/api.w.org\/{rel}","templated":true}]}}