{"id":7657,"date":"2021-11-03T10:57:28","date_gmt":"2021-11-03T10:57:28","guid":{"rendered":"https:\/\/tusac.ch\/?post_type=product&#038;p=7657"},"modified":"2022-02-12T08:34:07","modified_gmt":"2022-02-12T08:34:07","slug":"pasa-net-flora","status":"publish","type":"product","link":"https:\/\/tusac.ch\/fr\/shop\/reinigung-und-unterhalt\/reinigungsmittel\/pasa-net-flora\/","title":{"rendered":"PASA NET FLORA"},"content":{"rendered":"<p><strong>Beschreibung<\/strong><br \/>\nW\u00e4sserige Mischungen von Panamarindenextrakt, mit nichtionische und amphotere Tenside, Alkohol, Komplexbildner, floriert Duftstoffe und additiven. Unterhaltsreiniger f\u00fcr alle wasserfesten Oberfl\u00e4chen mit floriert Duftnote.<\/p>\n<p><strong>Verwendung<\/strong><br \/>\nZur Unterhaltsreinigung von allen abwaschbaren Oberfl\u00e4chen \/ Bodenbel\u00e4gen (PVC, Natur und Kunststeine, Klinker, Asphalt, Linoleum, Kautschuk, u.s.w.).<\/p>\n<p><strong>Dosierung<\/strong><br \/>\n20:1 bis zu 10:1<\/p>\n<p><strong>Anwendung<\/strong><br \/>\nSchwachsch\u00e4umend: Manueller oder maschineller Einsatz (Reinigungsautomaten).<\/p>\n<p><strong>Anmerkungen<\/strong><br \/>\nF\u00fcr Sch\u00e4den, die aus nicht sachgem\u00e4sser Anwendung entstanden sind, \u00fcbernimmt der Hersteller keine Haftung.<br \/>\nHinweise f\u00fcr den sicheren Umgang entnehmen Sie bitte dem Sicherheitsdatenblatt.<br \/>\nWir behalten uns den Recht unserer Produkte Sortiment und unsere Preise je ohne Vorank\u00fcndigung zu modifizieren.<\/p>\n","protected":false},"excerpt":{"rendered":"<p class=\"product_title entry-title\">PASA-NET FLORA<\/p>\n","protected":false},"featured_media":7698,"comment_status":"open","ping_status":"closed","template":"","meta":[],"product_cat":[41,49],"product_tag":[],"_links":{"self":[{"href":"https:\/\/tusac.ch\/fr\/wp-json\/wp\/v2\/product\/7657"}],"collection":[{"href":"https:\/\/tusac.ch\/fr\/wp-json\/wp\/v2\/product"}],"about":[{"href":"https:\/\/tusac.ch\/fr\/wp-json\/wp\/v2\/types\/product"}],"replies":[{"embeddable":true,"href":"https:\/\/tusac.ch\/fr\/wp-json\/wp\/v2\/comments?post=7657"}],"wp:featuredmedia":[{"embeddable":true,"href":"https:\/\/tusac.ch\/fr\/wp-json\/wp\/v2\/media\/7698"}],"wp:attachment":[{"href":"https:\/\/tusac.ch\/fr\/wp-json\/wp\/v2\/media?parent=7657"}],"wp:term":[{"taxonomy":"product_cat","embeddable":true,"href":"https:\/\/tusac.ch\/fr\/wp-json\/wp\/v2\/product_cat?post=7657"},{"taxonomy":"product_tag","embeddable":true,"href":"https:\/\/tusac.ch\/fr\/wp-json\/wp\/v2\/product_tag?post=7657"}],"curies":[{"name":"wp","href":"https:\/\/api.w.org\/{rel}","templated":true}]}}