{"id":7603,"date":"2021-11-02T09:36:04","date_gmt":"2021-11-02T09:36:04","guid":{"rendered":"https:\/\/tusac.ch\/?post_type=product&#038;p=7603"},"modified":"2022-02-12T07:10:43","modified_gmt":"2022-02-12T07:10:43","slug":"glanzkonservierer-forte","status":"publish","type":"product","link":"https:\/\/tusac.ch\/fr\/shop\/waschanlagen-chemie\/waschstrassen\/glanzkonservierer-forte\/","title":{"rendered":"Glanzkonservierer Forte"},"content":{"rendered":"<p>Dank einer einzigartigen Kombination von Nanotechnologie und innovativen Micro-Emulsionen erzielt Dr.St\u00f6cker Glanzkonservierer forte FT502\u00a0eine dichte und spiegelglatte Oberfl\u00e4chenkonservierung auf allen Lacken. Ausgeblichene Lack- und Kunststoffoberfl\u00e4chen werden wiederbelebt. Witterungs- und Umwelteinfl\u00fcsse werden abgeschirmt. Dabei \u00fcberzeugt das Ergebnis durch einen hervorragenden Perlenlauf auf Glas, einen starken Abperleffekt und einen \u00fcberragenden Glanz.<\/p>\n<p>Unverd\u00fcnnt \u00fcber die Dosierpumpe. Empfehlung f\u00fcr beste Ergebnisse &#8211; Verbrauch: ca. 10 bis 12 ml Konzentrat pro Fahrzeug.<\/p>\n","protected":false},"excerpt":{"rendered":"<p>Glanzkonservierer forte FT502 eine dichte und spiegelglatte Oberfl\u00e4chenkonservierung auf allen Lacken.<\/p>\n","protected":false},"featured_media":2809,"comment_status":"open","ping_status":"closed","template":"","meta":[],"product_cat":[52,45,68,41,67,158,69],"product_tag":[],"_links":{"self":[{"href":"https:\/\/tusac.ch\/fr\/wp-json\/wp\/v2\/product\/7603"}],"collection":[{"href":"https:\/\/tusac.ch\/fr\/wp-json\/wp\/v2\/product"}],"about":[{"href":"https:\/\/tusac.ch\/fr\/wp-json\/wp\/v2\/types\/product"}],"replies":[{"embeddable":true,"href":"https:\/\/tusac.ch\/fr\/wp-json\/wp\/v2\/comments?post=7603"}],"wp:featuredmedia":[{"embeddable":true,"href":"https:\/\/tusac.ch\/fr\/wp-json\/wp\/v2\/media\/2809"}],"wp:attachment":[{"href":"https:\/\/tusac.ch\/fr\/wp-json\/wp\/v2\/media?parent=7603"}],"wp:term":[{"taxonomy":"product_cat","embeddable":true,"href":"https:\/\/tusac.ch\/fr\/wp-json\/wp\/v2\/product_cat?post=7603"},{"taxonomy":"product_tag","embeddable":true,"href":"https:\/\/tusac.ch\/fr\/wp-json\/wp\/v2\/product_tag?post=7603"}],"curies":[{"name":"wp","href":"https:\/\/api.w.org\/{rel}","templated":true}]}}