{"id":7555,"date":"2021-10-25T08:03:00","date_gmt":"2021-10-25T08:03:00","guid":{"rendered":"https:\/\/tusac.ch\/?post_type=product&#038;p=7555"},"modified":"2022-08-19T14:11:25","modified_gmt":"2022-08-19T14:11:25","slug":"greenstar","status":"publish","type":"product","link":"https:\/\/tusac.ch\/fr\/shop\/carosserie\/reinigungsmittel-ohne-silikon\/greenstar\/","title":{"rendered":"GreenStar"},"content":{"rendered":"<p>Silikonfreier Hochglanz zum Aufspr\u00fchen oder Auftragen. Ideal als Polierhilfe und f\u00fcr Ausstellungen. Hochwertiges Produkt zur schnellen Reinigung von Lackoberfl\u00e4chen. Durch die Behandlung entsteht gleichzeitig eine anhaltende Glanzkonservierung der Fahrzeuglacke.<\/p>\n<p>Das Produkt mittels eines Mikrofaser- oder Poliertuch auftragen und mit sauberem Tuch nachwischen. Harmlos in Kontakt mit Kunststoff, Gummi, Chrom oder Aluminium. Hartplastikteile werden nicht weiss.<\/p>\n","protected":false},"excerpt":{"rendered":"<p>GreenStar Lack-Finish<\/p>\n","protected":false},"featured_media":7561,"comment_status":"open","ping_status":"closed","template":"","meta":[],"product_cat":[52,44,159,41,162,56,40,65],"product_tag":[],"_links":{"self":[{"href":"https:\/\/tusac.ch\/fr\/wp-json\/wp\/v2\/product\/7555"}],"collection":[{"href":"https:\/\/tusac.ch\/fr\/wp-json\/wp\/v2\/product"}],"about":[{"href":"https:\/\/tusac.ch\/fr\/wp-json\/wp\/v2\/types\/product"}],"replies":[{"embeddable":true,"href":"https:\/\/tusac.ch\/fr\/wp-json\/wp\/v2\/comments?post=7555"}],"wp:featuredmedia":[{"embeddable":true,"href":"https:\/\/tusac.ch\/fr\/wp-json\/wp\/v2\/media\/7561"}],"wp:attachment":[{"href":"https:\/\/tusac.ch\/fr\/wp-json\/wp\/v2\/media?parent=7555"}],"wp:term":[{"taxonomy":"product_cat","embeddable":true,"href":"https:\/\/tusac.ch\/fr\/wp-json\/wp\/v2\/product_cat?post=7555"},{"taxonomy":"product_tag","embeddable":true,"href":"https:\/\/tusac.ch\/fr\/wp-json\/wp\/v2\/product_tag?post=7555"}],"curies":[{"name":"wp","href":"https:\/\/api.w.org\/{rel}","templated":true}]}}