{"id":7540,"date":"2021-10-22T13:37:54","date_gmt":"2021-10-22T13:37:54","guid":{"rendered":"https:\/\/tusac.ch\/?post_type=product&#038;p=7540"},"modified":"2022-01-27T08:02:21","modified_gmt":"2022-01-27T08:02:21","slug":"domecos-wiper-bowl-feuchte-reinigungstuecher-72stk","status":"publish","type":"product","link":"https:\/\/tusac.ch\/fr\/shop\/covid-19\/handreiniger-2\/domecos-wiper-bowl-feuchte-reinigungstuecher-72stk\/","title":{"rendered":"Domeco&rsquo;s Wiper Bowl Feuchte Reinigungst\u00fccher 72Stk"},"content":{"rendered":"<p>Vorimpr\u00e4gnierte Wischt\u00fccher in einem tragbaren Eimer mit 72 Wischt\u00fcchern 27 cm x 27 cm, die reinigen und sch\u00fctzen zugleich \u2013 mit einer rauen Seite zum Abreiben von Verunreinigungen und einer weichen Seite zum Reinigen und Nachwischen.<\/p>\n<p>Ideal: zum Reinigen von H\u00e4nden, Werkzeugen und Maschinen ohne Seife, Gel oder Wasser; zum Schutz der H\u00e4nde; wirken dem Austrocknen der Haut entgegen; zur Verbesserung der Hygiene.<\/p>\n","protected":false},"excerpt":{"rendered":"<p>Wypall Universal-Reinigungst\u00fccher, Eimer je 90 Stk 27 x 27cm<\/p>\n","protected":false},"featured_media":7542,"comment_status":"open","ping_status":"closed","template":"","meta":[],"product_cat":[52,44,153,53,157,51,41,49,56,40,65],"product_tag":[],"_links":{"self":[{"href":"https:\/\/tusac.ch\/fr\/wp-json\/wp\/v2\/product\/7540"}],"collection":[{"href":"https:\/\/tusac.ch\/fr\/wp-json\/wp\/v2\/product"}],"about":[{"href":"https:\/\/tusac.ch\/fr\/wp-json\/wp\/v2\/types\/product"}],"replies":[{"embeddable":true,"href":"https:\/\/tusac.ch\/fr\/wp-json\/wp\/v2\/comments?post=7540"}],"wp:featuredmedia":[{"embeddable":true,"href":"https:\/\/tusac.ch\/fr\/wp-json\/wp\/v2\/media\/7542"}],"wp:attachment":[{"href":"https:\/\/tusac.ch\/fr\/wp-json\/wp\/v2\/media?parent=7540"}],"wp:term":[{"taxonomy":"product_cat","embeddable":true,"href":"https:\/\/tusac.ch\/fr\/wp-json\/wp\/v2\/product_cat?post=7540"},{"taxonomy":"product_tag","embeddable":true,"href":"https:\/\/tusac.ch\/fr\/wp-json\/wp\/v2\/product_tag?post=7540"}],"curies":[{"name":"wp","href":"https:\/\/api.w.org\/{rel}","templated":true}]}}