{"id":7433,"date":"2021-10-19T08:33:26","date_gmt":"2021-10-19T08:33:26","guid":{"rendered":"https:\/\/tusac.ch\/?post_type=product&#038;p=7433"},"modified":"2022-01-27T08:17:35","modified_gmt":"2022-01-27T08:17:35","slug":"flugrostentferner","status":"publish","type":"product","link":"https:\/\/tusac.ch\/fr\/shop\/carosserie\/reinigungsmittel-ohne-silikon\/flugrostentferner\/","title":{"rendered":"Flugrostentferner"},"content":{"rendered":"<div id=\"tab-label-description\" class=\"data item title active\" tabindex=\"0\" role=\"tab\" aria-labeledby=\"tab-label-description-title\" data-role=\"collapsible\" data-collapsible=\"true\" aria-controls=\"description\" aria-selected=\"false\" aria-expanded=\"true\">Flugrostentferner. Entfernt schonend und materialvertr\u00e4glich Flugrost und Industriestaub von Lack- und lackierten Kunststoffoberfl\u00e4chen. F\u00fcr das ganze Fahrzeug geeignet. Farblos.<\/div>\n","protected":false},"excerpt":{"rendered":"<p class=\"product_title entry-title\">Flugrostentferner. Entfernt schonend und materialvertr\u00e4glich Flugrost und Industriestaub von Lack- und lackierten Kunststoffoberfl\u00e4chen. F\u00fcr das ganze Fahrzeug geeignet. Farblos.<\/p>\n","protected":false},"featured_media":6842,"comment_status":"open","ping_status":"closed","template":"","meta":[],"product_cat":[52,44,51,46,41,49,162,56,40,65],"product_tag":[],"_links":{"self":[{"href":"https:\/\/tusac.ch\/fr\/wp-json\/wp\/v2\/product\/7433"}],"collection":[{"href":"https:\/\/tusac.ch\/fr\/wp-json\/wp\/v2\/product"}],"about":[{"href":"https:\/\/tusac.ch\/fr\/wp-json\/wp\/v2\/types\/product"}],"replies":[{"embeddable":true,"href":"https:\/\/tusac.ch\/fr\/wp-json\/wp\/v2\/comments?post=7433"}],"wp:featuredmedia":[{"embeddable":true,"href":"https:\/\/tusac.ch\/fr\/wp-json\/wp\/v2\/media\/6842"}],"wp:attachment":[{"href":"https:\/\/tusac.ch\/fr\/wp-json\/wp\/v2\/media?parent=7433"}],"wp:term":[{"taxonomy":"product_cat","embeddable":true,"href":"https:\/\/tusac.ch\/fr\/wp-json\/wp\/v2\/product_cat?post=7433"},{"taxonomy":"product_tag","embeddable":true,"href":"https:\/\/tusac.ch\/fr\/wp-json\/wp\/v2\/product_tag?post=7433"}],"curies":[{"name":"wp","href":"https:\/\/api.w.org\/{rel}","templated":true}]}}