{"id":7366,"date":"2021-10-18T12:06:06","date_gmt":"2021-10-18T12:06:06","guid":{"rendered":"https:\/\/tusac.ch\/?post_type=product&#038;p=7366"},"modified":"2022-01-27T08:35:34","modified_gmt":"2022-01-27T08:35:34","slug":"plastostar","status":"publish","type":"product","link":"https:\/\/tusac.ch\/fr\/shop\/betriebsbedarf\/verbrauchsmaterial\/plastostar\/","title":{"rendered":"PlastoStar"},"content":{"rendered":"<p>F\u00fcr Kunststoffe und Gummi. Pflegt und renoviert Stossstangen, Spoiler, Cockpit, Himmel und Autositze. Macht Pneus wie neu. Konserviert den Motor. Sch\u00fctzt T\u00fcrdichtungen gegen Frost. Mit Silikon. Kokosduft.<\/p>\n<p>Produkt aufspr\u00fchen und mit fusselfreiem Lappen verteilen. Bei Anwendung auf Pneus und Motor nicht nachreiben. Kann auf nasse Oberfl\u00e4chen aufgespr\u00fcht werden. Eingesetzt als Motorkonservierer, selbsttrocknend.<\/p>\n","protected":false},"excerpt":{"rendered":"<p>Multikonservierung<\/p>\n","protected":false},"featured_media":7379,"comment_status":"open","ping_status":"closed","template":"","meta":[],"product_cat":[52,44,51,46,41,56,65],"product_tag":[],"_links":{"self":[{"href":"https:\/\/tusac.ch\/fr\/wp-json\/wp\/v2\/product\/7366"}],"collection":[{"href":"https:\/\/tusac.ch\/fr\/wp-json\/wp\/v2\/product"}],"about":[{"href":"https:\/\/tusac.ch\/fr\/wp-json\/wp\/v2\/types\/product"}],"replies":[{"embeddable":true,"href":"https:\/\/tusac.ch\/fr\/wp-json\/wp\/v2\/comments?post=7366"}],"wp:featuredmedia":[{"embeddable":true,"href":"https:\/\/tusac.ch\/fr\/wp-json\/wp\/v2\/media\/7379"}],"wp:attachment":[{"href":"https:\/\/tusac.ch\/fr\/wp-json\/wp\/v2\/media?parent=7366"}],"wp:term":[{"taxonomy":"product_cat","embeddable":true,"href":"https:\/\/tusac.ch\/fr\/wp-json\/wp\/v2\/product_cat?post=7366"},{"taxonomy":"product_tag","embeddable":true,"href":"https:\/\/tusac.ch\/fr\/wp-json\/wp\/v2\/product_tag?post=7366"}],"curies":[{"name":"wp","href":"https:\/\/api.w.org\/{rel}","templated":true}]}}