{"id":7298,"date":"2021-09-02T08:09:04","date_gmt":"2021-09-02T08:09:04","guid":{"rendered":"https:\/\/tusac.ch\/?post_type=product&#038;p=7298"},"modified":"2023-02-12T17:47:05","modified_gmt":"2023-02-12T17:47:05","slug":"nitril-handschuhe","status":"publish","type":"product","link":"https:\/\/tusac.ch\/fr\/shop\/covid-19\/handschuhe\/nitril-handschuhe\/","title":{"rendered":"Nitril Handschuhe"},"content":{"rendered":"<div id=\"tabsPart0-type1\" class=\"tab-content-inner is-active\">\n<div class=\"tab-head\"><strong>Beschreibung<\/strong><\/div>\n<div class=\"tab-body\">\n<p>Untersuchungshandschuh aus schwarzem Nitril, puderfrei mit texturierten Fingern. Der Handschuhe ist nicht steril und zeichnet sich durch seine besondere Stich- und Reissfestigkeit aus. Nitril hat eine bessere chemische Best\u00e4ndigkeit und eine l\u00e4ngere Haltbarkeit als Latex oder Vinyl. Der Handschuh ist zur Pr\u00e4vention von Hautallergien empfohlen. Als Beitrag zum Schutz gegen das Norovirus geeignet und empfohlen.<\/p>\n<p><b>Produkteigenschaften Einweghandschuhe Weitaglove Nitril Soft Black<\/b><br \/>\n&#8211; Material: Nitril<br \/>\n&#8211; Farbe: Schwarz<br \/>\n&#8211; Puderfrei: Ja<br \/>\n&#8211; Steril: Nein<\/p>\n<p><b>Verpackungsdaten Einweghandschuhe Weitaglove Nitril Soft White<\/b><br \/>\n&#8211; St\u00fcck \/ Dispenser: 100<br \/>\n&#8211; Dispenser \/ Karton: 10<\/p>\n<\/div>\n<\/div>\n","protected":false},"excerpt":{"rendered":"<p>Untersuchungshandschuh aus schwarzem Nitril, puderfrei mit texturierten Fingern.<\/p>\n","protected":false},"featured_media":0,"comment_status":"open","ping_status":"closed","template":"","meta":[],"product_cat":[44,153,188,156,41,56],"product_tag":[],"_links":{"self":[{"href":"https:\/\/tusac.ch\/fr\/wp-json\/wp\/v2\/product\/7298"}],"collection":[{"href":"https:\/\/tusac.ch\/fr\/wp-json\/wp\/v2\/product"}],"about":[{"href":"https:\/\/tusac.ch\/fr\/wp-json\/wp\/v2\/types\/product"}],"replies":[{"embeddable":true,"href":"https:\/\/tusac.ch\/fr\/wp-json\/wp\/v2\/comments?post=7298"}],"wp:attachment":[{"href":"https:\/\/tusac.ch\/fr\/wp-json\/wp\/v2\/media?parent=7298"}],"wp:term":[{"taxonomy":"product_cat","embeddable":true,"href":"https:\/\/tusac.ch\/fr\/wp-json\/wp\/v2\/product_cat?post=7298"},{"taxonomy":"product_tag","embeddable":true,"href":"https:\/\/tusac.ch\/fr\/wp-json\/wp\/v2\/product_tag?post=7298"}],"curies":[{"name":"wp","href":"https:\/\/api.w.org\/{rel}","templated":true}]}}