{"id":7081,"date":"2021-08-23T09:11:19","date_gmt":"2021-08-23T09:11:19","guid":{"rendered":"https:\/\/tusac.ch\/?post_type=product&#038;p=7081"},"modified":"2024-05-07T06:41:04","modified_gmt":"2024-05-07T06:41:04","slug":"glasreiniger-domeco","status":"publish","type":"product","link":"https:\/\/tusac.ch\/fr\/shop\/betriebsbedarf\/verbrauchsmaterial\/glasreiniger-domeco\/","title":{"rendered":"Glasreiniger Domeco"},"content":{"rendered":"<div id=\"tab-label-description\" class=\"data item title active\" tabindex=\"0\" role=\"tab\" aria-labeledby=\"tab-label-description-title\" data-role=\"collapsible\" data-collapsible=\"true\" aria-controls=\"description\" aria-selected=\"false\" aria-expanded=\"true\">Zum m\u00fchelosen und gr\u00fcndlichen Reinigen von Glasoberfl\u00e4chen aller Art. Eignet sich auch f\u00fcr Keramik und andere Oberfl\u00e4chen. Hinterl\u00e4sst keinen R\u00fcckstand.<\/div>\n<div tabindex=\"0\" role=\"tab\" aria-labeledby=\"tab-label-description-title\" data-role=\"collapsible\" data-collapsible=\"true\" aria-controls=\"description\" aria-selected=\"false\" aria-expanded=\"true\">Aufgebaut auf einer Alkoholbasis.<\/div>\n","protected":false},"excerpt":{"rendered":"<p class=\"product_title entry-title\">Premium Pneuglanz 5, 10 oder 25ltr<\/p>\n","protected":false},"featured_media":7092,"comment_status":"open","ping_status":"closed","template":"","meta":[],"product_cat":[52,44,51,41,49,56,65],"product_tag":[],"_links":{"self":[{"href":"https:\/\/tusac.ch\/fr\/wp-json\/wp\/v2\/product\/7081"}],"collection":[{"href":"https:\/\/tusac.ch\/fr\/wp-json\/wp\/v2\/product"}],"about":[{"href":"https:\/\/tusac.ch\/fr\/wp-json\/wp\/v2\/types\/product"}],"replies":[{"embeddable":true,"href":"https:\/\/tusac.ch\/fr\/wp-json\/wp\/v2\/comments?post=7081"}],"wp:featuredmedia":[{"embeddable":true,"href":"https:\/\/tusac.ch\/fr\/wp-json\/wp\/v2\/media\/7092"}],"wp:attachment":[{"href":"https:\/\/tusac.ch\/fr\/wp-json\/wp\/v2\/media?parent=7081"}],"wp:term":[{"taxonomy":"product_cat","embeddable":true,"href":"https:\/\/tusac.ch\/fr\/wp-json\/wp\/v2\/product_cat?post=7081"},{"taxonomy":"product_tag","embeddable":true,"href":"https:\/\/tusac.ch\/fr\/wp-json\/wp\/v2\/product_tag?post=7081"}],"curies":[{"name":"wp","href":"https:\/\/api.w.org\/{rel}","templated":true}]}}