{"id":6821,"date":"2021-08-17T09:05:14","date_gmt":"2021-08-17T09:05:14","guid":{"rendered":"https:\/\/tusac.ch\/?post_type=product&#038;p=6821"},"modified":"2022-01-27T09:17:11","modified_gmt":"2022-01-27T09:17:11","slug":"bremsenreiniger","status":"publish","type":"product","link":"https:\/\/tusac.ch\/fr\/shop\/labelling\/spraydosen\/bremsenreiniger\/","title":{"rendered":"Bremsenreiniger"},"content":{"rendered":"<p><strong>Eigenschaften:<\/strong><br \/>\n\u2022 Schnelle Verdunstung<br \/>\n\u2022 Entfernt Schmutz, \u00d6le und Harzkrusten, Synthese\u00f6l- und Silikonr\u00fcckst\u00e4nde<br \/>\n\u2022 Hinterl\u00e4sst keine R\u00fcckst\u00e4nde<br \/>\n\u2022 Greift Styropor nicht an<br \/>\n\u2022 Schutz vor sofortigem Nachrosten<br \/>\n\u2022 Inhaltsstoffe gem\u00e4\u00df Detergenzienverordnung<br \/>\n\u2022 Enth\u00e4lt keine aromatischen oder halogenierten Kohlenwasserstoffe<\/p>\n<p><strong>Einsatzgebiete:<\/strong><br \/>\n\u2022 Brems-, Kupplungs- und Getriebeteile<br \/>\n\u2022 Anlasser, Lichtmaschinen<br \/>\n\u2022 Vergaser, Benzinpumpen und Motorteile<br \/>\n\u2022 Glas und Metall vor Verklebearbeiten<br \/>\n\u2022 Kunststoff- und Lackvertr\u00e4glichkeit durch Vorversuch pr\u00fcfen<\/p>\n<p><strong>Anwendung:<\/strong><br \/>\nVerschmutzte Teile intensiv einweichen\/ einspr\u00fchen und L\u00f6sungsmittel ablaufen bzw. verdunsten lassen. Bei starken Verschmutzungen wiederholen.<br \/>\nNicht auf Thermoplaste wie PVC, Plexiglas, Polystyrol bzw. Gummi sowie alle Lacke auftragen. Auf eine gute Durchl\u00fcftung achten. Z\u00fcndquellen sind zu vermeiden. Nicht auf warme\/hei\u00dfe Bauteile (Motor) spr\u00fchen.<br \/>\nBei der Verarbeitung die einschl\u00e4gigen Vorschriften beachten.<\/p>\n","protected":false},"excerpt":{"rendered":"<p class=\"product_title entry-title\">Bremsenreiniger<\/p>\n","protected":false},"featured_media":6148,"comment_status":"open","ping_status":"closed","template":"","meta":[],"product_cat":[44,137,140,42,40,65],"product_tag":[],"_links":{"self":[{"href":"https:\/\/tusac.ch\/fr\/wp-json\/wp\/v2\/product\/6821"}],"collection":[{"href":"https:\/\/tusac.ch\/fr\/wp-json\/wp\/v2\/product"}],"about":[{"href":"https:\/\/tusac.ch\/fr\/wp-json\/wp\/v2\/types\/product"}],"replies":[{"embeddable":true,"href":"https:\/\/tusac.ch\/fr\/wp-json\/wp\/v2\/comments?post=6821"}],"wp:featuredmedia":[{"embeddable":true,"href":"https:\/\/tusac.ch\/fr\/wp-json\/wp\/v2\/media\/6148"}],"wp:attachment":[{"href":"https:\/\/tusac.ch\/fr\/wp-json\/wp\/v2\/media?parent=6821"}],"wp:term":[{"taxonomy":"product_cat","embeddable":true,"href":"https:\/\/tusac.ch\/fr\/wp-json\/wp\/v2\/product_cat?post=6821"},{"taxonomy":"product_tag","embeddable":true,"href":"https:\/\/tusac.ch\/fr\/wp-json\/wp\/v2\/product_tag?post=6821"}],"curies":[{"name":"wp","href":"https:\/\/api.w.org\/{rel}","templated":true}]}}