{"id":6496,"date":"2021-06-09T13:18:54","date_gmt":"2021-06-09T13:18:54","guid":{"rendered":"https:\/\/tusac.ch\/?post_type=product&#038;p=6496"},"modified":"2021-06-09T13:26:45","modified_gmt":"2021-06-09T13:26:45","slug":"easy-glean-365-gun","status":"publish","type":"product","link":"https:\/\/tusac.ch\/fr\/shop\/reinigung-und-unterhalt\/innenpflege\/easy-glean-365-gun\/","title":{"rendered":"EASY GLEAN +365 GUN"},"content":{"rendered":"<p>Das neue Reinigungswunder, die easyclean365+ Gun, erm\u00f6glicht Ihnen die professionelle und effiziente Innen- und Au\u00dfenreinigung von Verschmutzungen aller Art im Car Wash Bereich.<br \/>\nAb heute entf\u00e4llt die m\u00fchsame und langwierige Handarbeit und der Einsatz verschiedenster Reinigungsmittel, da die easyclean365+ Gun durch ihre ausgereifte Technik Schokoladenflecken auf Sitzen, Verschmutzungen in L\u00fcftungsgittern und auch Bremsstaub auf Aluminiumfelgen im Handumdrehen entfernt.<br \/>\nDabei wirkt die easyclean365+ Gun wie eine Rotationsfr\u00e4se &#8211; es wird lediglich ein permanenter Druckluftanschluss f\u00fcr mindestens 5,5 bar und ein entsprechendes Reinigungsmittel ben\u00f6tigt. Durch die geringe Wassermenge und die Wirkung in Fleckentiefe ist zudem ein schnelles Trocknen der behandelten Oberfl\u00e4chen gew\u00e4hrleistet.<br \/>\nDank eines flexiblen Ansaugschlauches ist auch das Arbeiten \u00fcber Kopf gew\u00e4hrleistet.<br \/>\nEin Mu\u00df f\u00fcr alle die saubere Autos lieben, und der Standard bei der professionellen Autoaufbereitung.<br \/>\nhoch effektive Druckluftreinigungspistole mit stabilem Metallgriffhohe Reinigungswirkung durch \u201e Mini-Tornado\u201c kann mit Reinigungsmittel und im \u201e Nur-Luft-Betrieb\u201c eingesetzt werden<\/p>\n","protected":false},"excerpt":{"rendered":"<p>Das neue Reinigungswunder, die easyclean365+ Gun, erm\u00f6glicht Ihnen die professionelle und effiziente Innen- und Au\u00dfenreinigung<\/p>\n","protected":false},"featured_media":6498,"comment_status":"open","ping_status":"closed","template":"","meta":[],"product_cat":[51,41],"product_tag":[],"_links":{"self":[{"href":"https:\/\/tusac.ch\/fr\/wp-json\/wp\/v2\/product\/6496"}],"collection":[{"href":"https:\/\/tusac.ch\/fr\/wp-json\/wp\/v2\/product"}],"about":[{"href":"https:\/\/tusac.ch\/fr\/wp-json\/wp\/v2\/types\/product"}],"replies":[{"embeddable":true,"href":"https:\/\/tusac.ch\/fr\/wp-json\/wp\/v2\/comments?post=6496"}],"wp:featuredmedia":[{"embeddable":true,"href":"https:\/\/tusac.ch\/fr\/wp-json\/wp\/v2\/media\/6498"}],"wp:attachment":[{"href":"https:\/\/tusac.ch\/fr\/wp-json\/wp\/v2\/media?parent=6496"}],"wp:term":[{"taxonomy":"product_cat","embeddable":true,"href":"https:\/\/tusac.ch\/fr\/wp-json\/wp\/v2\/product_cat?post=6496"},{"taxonomy":"product_tag","embeddable":true,"href":"https:\/\/tusac.ch\/fr\/wp-json\/wp\/v2\/product_tag?post=6496"}],"curies":[{"name":"wp","href":"https:\/\/api.w.org\/{rel}","templated":true}]}}