{"id":5468,"date":"2020-04-24T08:59:07","date_gmt":"2020-04-24T08:59:07","guid":{"rendered":"https:\/\/tusac.ch\/?post_type=product&#038;p=5468"},"modified":"2024-09-24T08:25:53","modified_gmt":"2024-09-24T08:25:53","slug":"black-panther-premium-pneuglanz","status":"publish","type":"product","link":"https:\/\/tusac.ch\/fr\/shop\/reinigung-und-unterhalt\/reifenpflege\/black-panther-premium-pneuglanz\/","title":{"rendered":"Black Panther \u201ePremium Pneuglanz\u201c"},"content":{"rendered":"<p>Die beste Qualit\u00e4t auf dem Markt!<\/p>\n<p>Kein anderer Pneu Schw\u00e4rzer gibt so einen perfekten und anhaltenden Glanz f\u00fcr Reifen. Ein muss f\u00fcr jede Garage, jeden Autoh\u00e4ndler und jeden Autoliebhaber, welcher einen perfekten Auftritt f\u00fcr seine Fahrzeuge will!<\/p>\n<p>Pneu-Glanz verleiht Reifen neuen Glanz, wirkt gegen UV-Strahlen und antistatisch. Sch\u00fctzt und pflegt die Reifenflanken, greift weder Aluminium noch lackierte Oberfl\u00e4chen an.<\/p>\n","protected":false},"excerpt":{"rendered":"<p class=\"product_title entry-title\">Premium Pneuglanz, 10 oder 25ltr<\/p>\n","protected":false},"featured_media":7079,"comment_status":"open","ping_status":"closed","template":"","meta":[],"product_cat":[52,46,41],"product_tag":[],"_links":{"self":[{"href":"https:\/\/tusac.ch\/fr\/wp-json\/wp\/v2\/product\/5468"}],"collection":[{"href":"https:\/\/tusac.ch\/fr\/wp-json\/wp\/v2\/product"}],"about":[{"href":"https:\/\/tusac.ch\/fr\/wp-json\/wp\/v2\/types\/product"}],"replies":[{"embeddable":true,"href":"https:\/\/tusac.ch\/fr\/wp-json\/wp\/v2\/comments?post=5468"}],"wp:featuredmedia":[{"embeddable":true,"href":"https:\/\/tusac.ch\/fr\/wp-json\/wp\/v2\/media\/7079"}],"wp:attachment":[{"href":"https:\/\/tusac.ch\/fr\/wp-json\/wp\/v2\/media?parent=5468"}],"wp:term":[{"taxonomy":"product_cat","embeddable":true,"href":"https:\/\/tusac.ch\/fr\/wp-json\/wp\/v2\/product_cat?post=5468"},{"taxonomy":"product_tag","embeddable":true,"href":"https:\/\/tusac.ch\/fr\/wp-json\/wp\/v2\/product_tag?post=5468"}],"curies":[{"name":"wp","href":"https:\/\/api.w.org\/{rel}","templated":true}]}}