{"id":4847,"date":"2019-05-13T08:40:52","date_gmt":"2019-05-13T08:40:52","guid":{"rendered":"https:\/\/tusac.ch\/?post_type=product&#038;p=4847"},"modified":"2021-08-26T09:51:10","modified_gmt":"2021-08-26T09:51:10","slug":"handseife-5ltr","status":"publish","type":"product","link":"https:\/\/tusac.ch\/fr\/shop\/covid-19\/handreiniger-2\/handseife-5ltr\/","title":{"rendered":"Seifencreme"},"content":{"rendered":"<p>Handseife mit hautschonenden Tensiden, mit angenehmer Parf\u00fcmierung, gut hautvertr\u00e4glich, PH-hautneutral, dermatologisch gepr\u00fcft, ohne Mineral\u00f6le, ohne Parabene, ohne allergieverd\u00e4chtige Duftstoffe, silikon- und seifenfrei.<\/p>\n","protected":false},"excerpt":{"rendered":"<p>Handseife 5ltr<\/p>\n","protected":false},"featured_media":7274,"comment_status":"open","ping_status":"closed","template":"","meta":[],"product_cat":[44,153,53,157],"product_tag":[],"_links":{"self":[{"href":"https:\/\/tusac.ch\/fr\/wp-json\/wp\/v2\/product\/4847"}],"collection":[{"href":"https:\/\/tusac.ch\/fr\/wp-json\/wp\/v2\/product"}],"about":[{"href":"https:\/\/tusac.ch\/fr\/wp-json\/wp\/v2\/types\/product"}],"replies":[{"embeddable":true,"href":"https:\/\/tusac.ch\/fr\/wp-json\/wp\/v2\/comments?post=4847"}],"wp:featuredmedia":[{"embeddable":true,"href":"https:\/\/tusac.ch\/fr\/wp-json\/wp\/v2\/media\/7274"}],"wp:attachment":[{"href":"https:\/\/tusac.ch\/fr\/wp-json\/wp\/v2\/media?parent=4847"}],"wp:term":[{"taxonomy":"product_cat","embeddable":true,"href":"https:\/\/tusac.ch\/fr\/wp-json\/wp\/v2\/product_cat?post=4847"},{"taxonomy":"product_tag","embeddable":true,"href":"https:\/\/tusac.ch\/fr\/wp-json\/wp\/v2\/product_tag?post=4847"}],"curies":[{"name":"wp","href":"https:\/\/api.w.org\/{rel}","templated":true}]}}