{"id":4567,"date":"2018-08-13T11:29:55","date_gmt":"2018-08-13T11:29:55","guid":{"rendered":"https:\/\/tusac.ch\/?post_type=product&#038;p=4567"},"modified":"2019-06-24T12:38:00","modified_gmt":"2019-06-24T12:38:00","slug":"shampoo-wash-dry","status":"publish","type":"product","link":"https:\/\/tusac.ch\/fr\/shop\/waschanlagen-chemie\/waschstrassen\/shampoo-wash-dry\/","title":{"rendered":"SHAMPOO WASH &#038; DRY 25ltr"},"content":{"rendered":"<p>Automotiv High-Tech Cleaner<br \/>\nDie neuartige Zusammensetzung erm\u00f6glicht eine breite Anwendung. Zur lackschonenden Reinigung von Personenwagen, Bussen, und LKW&rsquo;s. F\u00fcr Handw\u00e4sche und Waschanlagen geeignet. Besitzt eine ausgezeichnete Oberfl\u00e4chenbenetzung mit hervorragenden Emulgiereigenschaften bei kleinsten Konzentrationen.<\/p>\n<p>Handw\u00e4sche: 0.5 &#8211; 1dl auf 20ltr Wasser.<\/p>\n","protected":false},"excerpt":{"rendered":"<p>Shampoo mit Glanz- und Trocknungshilfe<\/p>\n","protected":false},"featured_media":0,"comment_status":"open","ping_status":"closed","template":"","meta":[],"product_cat":[45,78,68,67,69],"product_tag":[],"_links":{"self":[{"href":"https:\/\/tusac.ch\/fr\/wp-json\/wp\/v2\/product\/4567"}],"collection":[{"href":"https:\/\/tusac.ch\/fr\/wp-json\/wp\/v2\/product"}],"about":[{"href":"https:\/\/tusac.ch\/fr\/wp-json\/wp\/v2\/types\/product"}],"replies":[{"embeddable":true,"href":"https:\/\/tusac.ch\/fr\/wp-json\/wp\/v2\/comments?post=4567"}],"wp:attachment":[{"href":"https:\/\/tusac.ch\/fr\/wp-json\/wp\/v2\/media?parent=4567"}],"wp:term":[{"taxonomy":"product_cat","embeddable":true,"href":"https:\/\/tusac.ch\/fr\/wp-json\/wp\/v2\/product_cat?post=4567"},{"taxonomy":"product_tag","embeddable":true,"href":"https:\/\/tusac.ch\/fr\/wp-json\/wp\/v2\/product_tag?post=4567"}],"curies":[{"name":"wp","href":"https:\/\/api.w.org\/{rel}","templated":true}]}}