{"id":4498,"date":"2018-06-19T12:33:15","date_gmt":"2018-06-19T12:33:15","guid":{"rendered":"https:\/\/tusac.ch\/?post_type=product&#038;p=4498"},"modified":"2022-01-27T08:42:03","modified_gmt":"2022-01-27T08:42:03","slug":"scheiben-schaum","status":"publish","type":"product","link":"https:\/\/tusac.ch\/fr\/shop\/labelling\/spraydosen\/scheiben-schaum\/","title":{"rendered":"Clear View Scheiben-Schaum"},"content":{"rendered":"<p>Der Schaumreiniger l\u00f6st und entfernt m\u00fchelos Verschmutzungen wie Silikonr\u00fcckst\u00e4nde, Insekten, \u00d6l und Fett. Im Fahrzeug-Bereich f\u00fcr Autoscheiben, Chromteile, Scheinwerfer, Lackfl\u00e4chen. Im Campingbereich, an Sportbooten und im Haushalt f\u00fcr Fenster, Spiegel, Kacheln, Fu\u00dfbodenbel\u00e4ge u.\u00e4. sehr gut geeignet.<\/p>\n","protected":false},"excerpt":{"rendered":"<p>Scheiben Schaum<\/p>\n","protected":false},"featured_media":7096,"comment_status":"open","ping_status":"closed","template":"","meta":[],"product_cat":[52,44,45,51,41,49,140,56,40,65],"product_tag":[216,217],"_links":{"self":[{"href":"https:\/\/tusac.ch\/fr\/wp-json\/wp\/v2\/product\/4498"}],"collection":[{"href":"https:\/\/tusac.ch\/fr\/wp-json\/wp\/v2\/product"}],"about":[{"href":"https:\/\/tusac.ch\/fr\/wp-json\/wp\/v2\/types\/product"}],"replies":[{"embeddable":true,"href":"https:\/\/tusac.ch\/fr\/wp-json\/wp\/v2\/comments?post=4498"}],"wp:featuredmedia":[{"embeddable":true,"href":"https:\/\/tusac.ch\/fr\/wp-json\/wp\/v2\/media\/7096"}],"wp:attachment":[{"href":"https:\/\/tusac.ch\/fr\/wp-json\/wp\/v2\/media?parent=4498"}],"wp:term":[{"taxonomy":"product_cat","embeddable":true,"href":"https:\/\/tusac.ch\/fr\/wp-json\/wp\/v2\/product_cat?post=4498"},{"taxonomy":"product_tag","embeddable":true,"href":"https:\/\/tusac.ch\/fr\/wp-json\/wp\/v2\/product_tag?post=4498"}],"curies":[{"name":"wp","href":"https:\/\/api.w.org\/{rel}","templated":true}]}}