{"id":4418,"date":"2018-06-12T07:27:08","date_gmt":"2018-06-12T07:27:08","guid":{"rendered":"https:\/\/tusac.ch\/?post_type=product&#038;p=4418"},"modified":"2018-06-12T07:43:08","modified_gmt":"2018-06-12T07:43:08","slug":"scheibenklar-superkonzentrat","status":"publish","type":"product","link":"https:\/\/tusac.ch\/fr\/shop\/labelling\/giveaways\/scheibenklar-superkonzentrat\/","title":{"rendered":"Scheibenklar Superkonzentrat"},"content":{"rendered":"<p>Klare Sicht f\u00fcr eine sichere Fahrt! 40 ml-Flasche. Ergibt 4 Liter Fertiggemisch Scheibenklar.<\/p>\n<p>So einfach: Produkt ausw\u00e4hlen, bestellen und Logo und gew\u00fcnschter Slogan oder Adresse usw. an uns senden. Ca. 10 Arbeitstage sp\u00e4ter bekommen Sie Ihre hochwertigen Giveaways!<\/p>\n","protected":false},"excerpt":{"rendered":"<p>Giveaway-Produkt mit Ihrem eigenen Firmenlogo, 98 Stk x 40ml<\/p>\n","protected":false},"featured_media":0,"comment_status":"open","ping_status":"closed","template":"","meta":[],"product_cat":[138,137],"product_tag":[],"_links":{"self":[{"href":"https:\/\/tusac.ch\/fr\/wp-json\/wp\/v2\/product\/4418"}],"collection":[{"href":"https:\/\/tusac.ch\/fr\/wp-json\/wp\/v2\/product"}],"about":[{"href":"https:\/\/tusac.ch\/fr\/wp-json\/wp\/v2\/types\/product"}],"replies":[{"embeddable":true,"href":"https:\/\/tusac.ch\/fr\/wp-json\/wp\/v2\/comments?post=4418"}],"wp:attachment":[{"href":"https:\/\/tusac.ch\/fr\/wp-json\/wp\/v2\/media?parent=4418"}],"wp:term":[{"taxonomy":"product_cat","embeddable":true,"href":"https:\/\/tusac.ch\/fr\/wp-json\/wp\/v2\/product_cat?post=4418"},{"taxonomy":"product_tag","embeddable":true,"href":"https:\/\/tusac.ch\/fr\/wp-json\/wp\/v2\/product_tag?post=4418"}],"curies":[{"name":"wp","href":"https:\/\/api.w.org\/{rel}","templated":true}]}}