{"id":4210,"date":"2018-03-14T13:08:40","date_gmt":"2018-03-14T13:08:40","guid":{"rendered":"https:\/\/tusac.ch\/?post_type=product&#038;p=4210"},"modified":"2021-06-09T13:31:37","modified_gmt":"2021-06-09T13:31:37","slug":"schleifpaste-fein-500ml","status":"publish","type":"product","link":"https:\/\/tusac.ch\/fr\/shop\/reinigung-und-unterhalt\/aussenpflege\/schleifpaste-fein-500ml\/","title":{"rendered":"Schleifpaste fein 500ml"},"content":{"rendered":"<p>Eliminiert Lackvernebelungen, Metallt\u00fcpfelchen und kleine Kratzer auf lackierten Oberfl\u00e4che. Verleiht dem matten oder alten Lack wieder neuen Glanz. Auch geeignet auf Glasfaserkunststoff &#8211; Oberfl\u00e4chen. Maschinell oder von Hand mit Poliertuch anwenden. Vor Gebrauch gut sch\u00fctteln.<\/p>\n","protected":false},"excerpt":{"rendered":"<p>Arexons 0804 Schleifpaste fein 500ml<\/p>\n","protected":false},"featured_media":2395,"comment_status":"open","ping_status":"closed","template":"","meta":[],"product_cat":[52,41],"product_tag":[],"_links":{"self":[{"href":"https:\/\/tusac.ch\/fr\/wp-json\/wp\/v2\/product\/4210"}],"collection":[{"href":"https:\/\/tusac.ch\/fr\/wp-json\/wp\/v2\/product"}],"about":[{"href":"https:\/\/tusac.ch\/fr\/wp-json\/wp\/v2\/types\/product"}],"replies":[{"embeddable":true,"href":"https:\/\/tusac.ch\/fr\/wp-json\/wp\/v2\/comments?post=4210"}],"wp:featuredmedia":[{"embeddable":true,"href":"https:\/\/tusac.ch\/fr\/wp-json\/wp\/v2\/media\/2395"}],"wp:attachment":[{"href":"https:\/\/tusac.ch\/fr\/wp-json\/wp\/v2\/media?parent=4210"}],"wp:term":[{"taxonomy":"product_cat","embeddable":true,"href":"https:\/\/tusac.ch\/fr\/wp-json\/wp\/v2\/product_cat?post=4210"},{"taxonomy":"product_tag","embeddable":true,"href":"https:\/\/tusac.ch\/fr\/wp-json\/wp\/v2\/product_tag?post=4210"}],"curies":[{"name":"wp","href":"https:\/\/api.w.org\/{rel}","templated":true}]}}