{"id":4204,"date":"2018-03-14T12:43:45","date_gmt":"2018-03-14T12:43:45","guid":{"rendered":"https:\/\/tusac.ch\/?post_type=product&#038;p=4204"},"modified":"2022-02-16T10:06:29","modified_gmt":"2022-02-16T10:06:29","slug":"schleifpaste-universal-500ml","status":"publish","type":"product","link":"https:\/\/tusac.ch\/fr\/shop\/reinigung-und-unterhalt\/aussenpflege\/schleifpaste-universal-500ml\/","title":{"rendered":"Schleifpaste universal 500ml"},"content":{"rendered":"<p>Eliminiert Lackvernebelungen, Metallt\u00fcpfelchen und kleine Kratzer auf lackierten Oberfl\u00e4chen. Verleiht dem matten oder alten Lack wieder neuen Glanz. Auch geeignet auf Glasfaserkunststoff-Oberfl\u00e4chen. Maschinell oder von Hand mit Poliertuch anwenden.<\/p>\n","protected":false},"excerpt":{"rendered":"<p>Arexons 0802 Schleifpaste universal 500ml<\/p>\n","protected":false},"featured_media":2393,"comment_status":"open","ping_status":"closed","template":"","meta":[],"product_cat":[52,41],"product_tag":[],"_links":{"self":[{"href":"https:\/\/tusac.ch\/fr\/wp-json\/wp\/v2\/product\/4204"}],"collection":[{"href":"https:\/\/tusac.ch\/fr\/wp-json\/wp\/v2\/product"}],"about":[{"href":"https:\/\/tusac.ch\/fr\/wp-json\/wp\/v2\/types\/product"}],"replies":[{"embeddable":true,"href":"https:\/\/tusac.ch\/fr\/wp-json\/wp\/v2\/comments?post=4204"}],"wp:featuredmedia":[{"embeddable":true,"href":"https:\/\/tusac.ch\/fr\/wp-json\/wp\/v2\/media\/2393"}],"wp:attachment":[{"href":"https:\/\/tusac.ch\/fr\/wp-json\/wp\/v2\/media?parent=4204"}],"wp:term":[{"taxonomy":"product_cat","embeddable":true,"href":"https:\/\/tusac.ch\/fr\/wp-json\/wp\/v2\/product_cat?post=4204"},{"taxonomy":"product_tag","embeddable":true,"href":"https:\/\/tusac.ch\/fr\/wp-json\/wp\/v2\/product_tag?post=4204"}],"curies":[{"name":"wp","href":"https:\/\/api.w.org\/{rel}","templated":true}]}}