{"id":3827,"date":"2018-02-28T14:16:53","date_gmt":"2018-02-28T14:16:53","guid":{"rendered":"https:\/\/tusac.ch\/?post_type=product&#038;p=3827"},"modified":"2024-08-27T15:34:57","modified_gmt":"2024-08-27T15:34:57","slug":"fuellstutzen-sg700","status":"publish","type":"product","link":"https:\/\/tusac.ch\/fr\/shop\/betriebsbedarf\/werkstattbedarf\/fuellstutzen-sg700\/","title":{"rendered":"F\u00fcllstutzen f\u00fcr SG700"},"content":{"rendered":"<p>Der F\u00fcllstutzen f\u00fcr die Druckluft Spraydose hat einen ganz normalen Standard Stecknippel als Anschluss in NW 7,2 und kann somit an jeden handels\u00fcblichen Druckluftschlauch mit Standardkupplung angeschlossen werden. Die Druckluft Spraydose wird zum Bef\u00fcllen einfach auf den F\u00fcllstutzen aufgedr\u00fcckt. Material: Messing<\/p>\n","protected":false},"excerpt":{"rendered":"<p>F\u00fcllstutzen f\u00fcr Druckluft Spraydose mit Stecknippel NW7,2<\/p>\n","protected":false},"featured_media":0,"comment_status":"open","ping_status":"closed","template":"","meta":[],"product_cat":[44,65],"product_tag":[],"_links":{"self":[{"href":"https:\/\/tusac.ch\/fr\/wp-json\/wp\/v2\/product\/3827"}],"collection":[{"href":"https:\/\/tusac.ch\/fr\/wp-json\/wp\/v2\/product"}],"about":[{"href":"https:\/\/tusac.ch\/fr\/wp-json\/wp\/v2\/types\/product"}],"replies":[{"embeddable":true,"href":"https:\/\/tusac.ch\/fr\/wp-json\/wp\/v2\/comments?post=3827"}],"wp:attachment":[{"href":"https:\/\/tusac.ch\/fr\/wp-json\/wp\/v2\/media?parent=3827"}],"wp:term":[{"taxonomy":"product_cat","embeddable":true,"href":"https:\/\/tusac.ch\/fr\/wp-json\/wp\/v2\/product_cat?post=3827"},{"taxonomy":"product_tag","embeddable":true,"href":"https:\/\/tusac.ch\/fr\/wp-json\/wp\/v2\/product_tag?post=3827"}],"curies":[{"name":"wp","href":"https:\/\/api.w.org\/{rel}","templated":true}]}}