{"id":3767,"date":"2018-02-28T06:38:47","date_gmt":"2018-02-28T06:38:47","guid":{"rendered":"https:\/\/tusac.ch\/?post_type=product&#038;p=3767"},"modified":"2024-07-10T13:32:31","modified_gmt":"2024-07-10T13:32:31","slug":"druckluft-spruehdose-sg700","status":"publish","type":"product","link":"https:\/\/tusac.ch\/fr\/shop\/betriebsbedarf\/werkstattbedarf\/druckluft-spruehdose-sg700\/","title":{"rendered":"Druckluft Spr\u00fchdose SG700"},"content":{"rendered":"<p>\u2022Geeignet f\u00fcr s\u00e4mtliche fl\u00fcssige Materialien, die mit Druckluft verarbeitet werden<br \/>\n\u2022Einsatzgebiete: In allen Werkst\u00e4tten und Industriebetrieben in denen lose Ware wie Schneid\u00f6l, Extremrostl\u00f6ser, Schmier- und Trennmittel Anwendung finden<br \/>\n\u2022Das Spr\u00fchger\u00e4t ist innenwandig beschichtet<br \/>\n\u2022Mit einem Spezialluftventil ausgestattet, sodass es mit jedem handels\u00fcblichen Reifenf\u00fcller mit Luft bef\u00fcllt werden kann<br \/>\n\u2022max. 10 bar H\u00f6chstdruck<br \/>\n\u2022nicht f\u00fcr Ausblasarbeiten geeignet<\/p>\n","protected":false},"excerpt":{"rendered":"<p>Wiederbef\u00fcllbare Druckluft Sraydose 500ml<\/p>\n","protected":false},"featured_media":0,"comment_status":"open","ping_status":"closed","template":"","meta":[],"product_cat":[44,65],"product_tag":[],"_links":{"self":[{"href":"https:\/\/tusac.ch\/fr\/wp-json\/wp\/v2\/product\/3767"}],"collection":[{"href":"https:\/\/tusac.ch\/fr\/wp-json\/wp\/v2\/product"}],"about":[{"href":"https:\/\/tusac.ch\/fr\/wp-json\/wp\/v2\/types\/product"}],"replies":[{"embeddable":true,"href":"https:\/\/tusac.ch\/fr\/wp-json\/wp\/v2\/comments?post=3767"}],"wp:attachment":[{"href":"https:\/\/tusac.ch\/fr\/wp-json\/wp\/v2\/media?parent=3767"}],"wp:term":[{"taxonomy":"product_cat","embeddable":true,"href":"https:\/\/tusac.ch\/fr\/wp-json\/wp\/v2\/product_cat?post=3767"},{"taxonomy":"product_tag","embeddable":true,"href":"https:\/\/tusac.ch\/fr\/wp-json\/wp\/v2\/product_tag?post=3767"}],"curies":[{"name":"wp","href":"https:\/\/api.w.org\/{rel}","templated":true}]}}