{"id":1359,"date":"2018-01-16T16:44:31","date_gmt":"2018-01-16T16:44:31","guid":{"rendered":"https:\/\/tusac.lange-development.ch\/produkt\/wypall-feuchte-reinigungstcher\/"},"modified":"2022-03-16T18:15:22","modified_gmt":"2022-03-16T18:15:22","slug":"wypall-feuchte-reinigungstcher","status":"publish","type":"product","link":"https:\/\/tusac.ch\/fr\/shop\/covid-19\/handreiniger-2\/wypall-feuchte-reinigungstcher\/","title":{"rendered":"Wypall Feuchte Reinigungst\u00fccher 90Stk"},"content":{"rendered":"<p>Vorimpr\u00e4gnierte Wischt\u00fccher in einem tragbaren Eimer mit 90 Wischt\u00fcchern 27 cm x 27 cm, die reinigen und sch\u00fctzen zugleich \u2013 mit einer rauen Seite zum Abreiben von Verunreinigungen und einer weichen Seite zum Reinigen und Nachwischen.<\/p>\n<p>Ideal: zum Reinigen von H\u00e4nden, Werkzeugen und Maschinen ohne Seife, Gel oder Wasser; zum Schutz der H\u00e4nde; wirken dem Austrocknen der Haut entgegen; zur Verbesserung der Hygiene.<\/p>\n","protected":false},"excerpt":{"rendered":"<p>Wypall Universal-Reinigungst\u00fccher, Eimer je 90 Stk 27 x 27cm<\/p>\n","protected":false},"featured_media":1835,"comment_status":"open","ping_status":"closed","template":"","meta":[],"product_cat":[52,44,153,157,51,41,49,56,40],"product_tag":[],"_links":{"self":[{"href":"https:\/\/tusac.ch\/fr\/wp-json\/wp\/v2\/product\/1359"}],"collection":[{"href":"https:\/\/tusac.ch\/fr\/wp-json\/wp\/v2\/product"}],"about":[{"href":"https:\/\/tusac.ch\/fr\/wp-json\/wp\/v2\/types\/product"}],"replies":[{"embeddable":true,"href":"https:\/\/tusac.ch\/fr\/wp-json\/wp\/v2\/comments?post=1359"}],"wp:featuredmedia":[{"embeddable":true,"href":"https:\/\/tusac.ch\/fr\/wp-json\/wp\/v2\/media\/1835"}],"wp:attachment":[{"href":"https:\/\/tusac.ch\/fr\/wp-json\/wp\/v2\/media?parent=1359"}],"wp:term":[{"taxonomy":"product_cat","embeddable":true,"href":"https:\/\/tusac.ch\/fr\/wp-json\/wp\/v2\/product_cat?post=1359"},{"taxonomy":"product_tag","embeddable":true,"href":"https:\/\/tusac.ch\/fr\/wp-json\/wp\/v2\/product_tag?post=1359"}],"curies":[{"name":"wp","href":"https:\/\/api.w.org\/{rel}","templated":true}]}}