{"id":1345,"date":"2018-01-16T16:44:30","date_gmt":"2018-01-16T16:44:30","guid":{"rendered":"https:\/\/tusac.lange-development.ch\/produkt\/wischerschutz-hllen\/"},"modified":"2025-08-19T06:03:01","modified_gmt":"2025-08-19T06:03:01","slug":"wischerschutz-huellen","status":"publish","type":"product","link":"https:\/\/tusac.ch\/fr\/shop\/waschanlagen-chemie\/waschstrassen\/wischerschutz-huellen\/","title":{"rendered":"Wischer Schutzh\u00fcllen 2500Stk"},"content":{"rendered":"<p>Sch\u00fctzen Sie die Heckscheibenwischer Ihrer Kunden vor Sch\u00e4den durch die rotierenden B\u00fcrsten der Waschanlage und stellen Ihren Kunden die Heckscheibenwischer H\u00fcllen der Tusac zur Verf\u00fcgung.<br \/>\nMasse: 90 x 800 x 0.025 cm<br \/>\nAnwendung\/Dosierung<br \/>\nHeckscheibenwischer-H\u00fclle vor der Einfahrt in Waschanlage \u00fcber den Heckscheibenwischer st\u00fclpen und nach erfolgter W\u00e4sche abziehen und entsorgen.<\/p>\n","protected":false},"excerpt":{"rendered":"<p>Wischer-Schutzh\u00fcllen, Bund mit 50 Stk, 90x800x0.025, 2500 St\u00fcck\/Karton<\/p>\n","protected":false},"featured_media":2683,"comment_status":"open","ping_status":"closed","template":"","meta":[],"product_cat":[44,45,72,71,56,69],"product_tag":[],"_links":{"self":[{"href":"https:\/\/tusac.ch\/fr\/wp-json\/wp\/v2\/product\/1345"}],"collection":[{"href":"https:\/\/tusac.ch\/fr\/wp-json\/wp\/v2\/product"}],"about":[{"href":"https:\/\/tusac.ch\/fr\/wp-json\/wp\/v2\/types\/product"}],"replies":[{"embeddable":true,"href":"https:\/\/tusac.ch\/fr\/wp-json\/wp\/v2\/comments?post=1345"}],"wp:featuredmedia":[{"embeddable":true,"href":"https:\/\/tusac.ch\/fr\/wp-json\/wp\/v2\/media\/2683"}],"wp:attachment":[{"href":"https:\/\/tusac.ch\/fr\/wp-json\/wp\/v2\/media?parent=1345"}],"wp:term":[{"taxonomy":"product_cat","embeddable":true,"href":"https:\/\/tusac.ch\/fr\/wp-json\/wp\/v2\/product_cat?post=1345"},{"taxonomy":"product_tag","embeddable":true,"href":"https:\/\/tusac.ch\/fr\/wp-json\/wp\/v2\/product_tag?post=1345"}],"curies":[{"name":"wp","href":"https:\/\/api.w.org\/{rel}","templated":true}]}}