{"id":1342,"date":"2018-01-16T16:44:30","date_gmt":"2018-01-16T16:44:30","guid":{"rendered":"https:\/\/tusac.lange-development.ch\/produkt\/vorreiniger-easy-pack\/"},"modified":"2019-06-24T11:12:43","modified_gmt":"2019-06-24T11:12:43","slug":"vorreiniger-easy-pack","status":"publish","type":"product","link":"https:\/\/tusac.ch\/fr\/shop\/fahrzeugwaesche\/portalwaschanlagen\/vorreiniger-easy-pack\/","title":{"rendered":"Vorreiniger EasyPack 20ltr"},"content":{"rendered":"<p>Speziell f\u00fcr Vorspr\u00fchger\u00e4te, mild alkalischer Reiniger, verursacht nachweislich keine Lacksch\u00e4den.<\/p>\n<p>Die erh\u00f6hte Reinigungskraft wurde auf die Anforderungen der alternativen Waschmaterialien abgestimmt und unterst\u00fctzt wirksam die Reinigung in der Waschanlage. Wasserenth\u00e4rter, Dispergiermittel und Kalkschutzformel tun ein \u00dcbriges, um das Beste aus Ihrer Waschanlage herauszuholen.<\/p>\n<p>Anwendung: Einsatz als Reiniger in allen Vorspr\u00fchger\u00e4ten zur Vorreinigung vor der maschinellen Fahrzeugw\u00e4sche. Das Produkt muss mit Wasser vor verd\u00fcnnt werden und wird \u00fcblicherweise in Vorspr\u00fchger\u00e4ten in einer Konzentration von 1:10 bis 1:12 (Chemie:Wasser) eingesetzt. Verbesserte Anwendungskonzentration &#8211; entspricht einem EasyPack auf 50 &#8211; 60 l Wasser.<\/p>\n<p>pH-Wert: ca. 10<\/p>\n","protected":false},"excerpt":{"rendered":"<p>EasyPack Aktiv Vorspr\u00fchreiniger, 4 x 5ltr<\/p>\n","protected":false},"featured_media":2657,"comment_status":"open","ping_status":"closed","template":"","meta":[],"product_cat":[45,68],"product_tag":[],"_links":{"self":[{"href":"https:\/\/tusac.ch\/fr\/wp-json\/wp\/v2\/product\/1342"}],"collection":[{"href":"https:\/\/tusac.ch\/fr\/wp-json\/wp\/v2\/product"}],"about":[{"href":"https:\/\/tusac.ch\/fr\/wp-json\/wp\/v2\/types\/product"}],"replies":[{"embeddable":true,"href":"https:\/\/tusac.ch\/fr\/wp-json\/wp\/v2\/comments?post=1342"}],"wp:featuredmedia":[{"embeddable":true,"href":"https:\/\/tusac.ch\/fr\/wp-json\/wp\/v2\/media\/2657"}],"wp:attachment":[{"href":"https:\/\/tusac.ch\/fr\/wp-json\/wp\/v2\/media?parent=1342"}],"wp:term":[{"taxonomy":"product_cat","embeddable":true,"href":"https:\/\/tusac.ch\/fr\/wp-json\/wp\/v2\/product_cat?post=1342"},{"taxonomy":"product_tag","embeddable":true,"href":"https:\/\/tusac.ch\/fr\/wp-json\/wp\/v2\/product_tag?post=1342"}],"curies":[{"name":"wp","href":"https:\/\/api.w.org\/{rel}","templated":true}]}}