{"id":1336,"date":"2018-01-16T16:44:29","date_gmt":"2018-01-16T16:44:29","guid":{"rendered":"https:\/\/tusac.lange-development.ch\/produkt\/ug-auslaufhahnen-3-4\/"},"modified":"2024-02-13T15:41:12","modified_gmt":"2024-02-13T15:41:12","slug":"ug-auslaufhahnen-3-4","status":"publish","type":"product","link":"https:\/\/tusac.ch\/fr\/shop\/betriebsbedarf\/werkstattbedarf\/ug-auslaufhahnen-3-4\/","title":{"rendered":"UG Auslaufhahnen 3\/4&Prime;"},"content":{"rendered":"<p>UG Auslaufhahnen mit Schraubgewinde 3\/4&Prime; ohne Bel\u00fcftung, mit d\u00fcnnem Auslauf. Ideal f\u00fcr I-92 Bidon zum Abf\u00fcllen in Langhalsflaschen.<\/p>\n","protected":false},"excerpt":{"rendered":"<p>UG Auslaufhahnen mit Schraubgewinde 3\/4&Prime;<\/p>\n","protected":false},"featured_media":2313,"comment_status":"open","ping_status":"closed","template":"","meta":[],"product_cat":[44,65],"product_tag":[],"_links":{"self":[{"href":"https:\/\/tusac.ch\/fr\/wp-json\/wp\/v2\/product\/1336"}],"collection":[{"href":"https:\/\/tusac.ch\/fr\/wp-json\/wp\/v2\/product"}],"about":[{"href":"https:\/\/tusac.ch\/fr\/wp-json\/wp\/v2\/types\/product"}],"replies":[{"embeddable":true,"href":"https:\/\/tusac.ch\/fr\/wp-json\/wp\/v2\/comments?post=1336"}],"wp:featuredmedia":[{"embeddable":true,"href":"https:\/\/tusac.ch\/fr\/wp-json\/wp\/v2\/media\/2313"}],"wp:attachment":[{"href":"https:\/\/tusac.ch\/fr\/wp-json\/wp\/v2\/media?parent=1336"}],"wp:term":[{"taxonomy":"product_cat","embeddable":true,"href":"https:\/\/tusac.ch\/fr\/wp-json\/wp\/v2\/product_cat?post=1336"},{"taxonomy":"product_tag","embeddable":true,"href":"https:\/\/tusac.ch\/fr\/wp-json\/wp\/v2\/product_tag?post=1336"}],"curies":[{"name":"wp","href":"https:\/\/api.w.org\/{rel}","templated":true}]}}