{"id":1279,"date":"2018-01-16T16:44:24","date_gmt":"2018-01-16T16:44:24","guid":{"rendered":"https:\/\/tusac.lange-development.ch\/produkt\/shampoo-basic\/"},"modified":"2022-11-03T11:01:19","modified_gmt":"2022-11-03T11:01:19","slug":"shampoo-basic","status":"publish","type":"product","link":"https:\/\/tusac.ch\/fr\/shop\/waschanlagen-chemie\/waschstrassen\/shampoo-basic\/","title":{"rendered":"Shampoo Basic"},"content":{"rendered":"<p>Mit seiner starken Reinigungskraft und dem hohen Schmutztrageverm\u00f6gen liefert es nicht nur beste Waschergebnisse, sondern sch\u00fctzt auch vor Verschmutzung der B\u00fcrsten.<\/p>\n<p><strong>Anwendung \/ Dosierung<\/strong><\/p>\n<p>\u00dcber die Dosierpumpe unverd\u00fcnnt oder 1:2 (Chemie:Wasser) vorverd\u00fcnnt. Verbrauch ca. 8 bis 10 ml pro Fahrzeug.<\/p>\n<p>pH Wert: 7<\/p>\n","protected":false},"excerpt":{"rendered":"<p>Shampoo basic<\/p>\n","protected":false},"featured_media":2807,"comment_status":"open","ping_status":"closed","template":"","meta":[],"product_cat":[45,78,66,68,67,158,69],"product_tag":[],"_links":{"self":[{"href":"https:\/\/tusac.ch\/fr\/wp-json\/wp\/v2\/product\/1279"}],"collection":[{"href":"https:\/\/tusac.ch\/fr\/wp-json\/wp\/v2\/product"}],"about":[{"href":"https:\/\/tusac.ch\/fr\/wp-json\/wp\/v2\/types\/product"}],"replies":[{"embeddable":true,"href":"https:\/\/tusac.ch\/fr\/wp-json\/wp\/v2\/comments?post=1279"}],"wp:featuredmedia":[{"embeddable":true,"href":"https:\/\/tusac.ch\/fr\/wp-json\/wp\/v2\/media\/2807"}],"wp:attachment":[{"href":"https:\/\/tusac.ch\/fr\/wp-json\/wp\/v2\/media?parent=1279"}],"wp:term":[{"taxonomy":"product_cat","embeddable":true,"href":"https:\/\/tusac.ch\/fr\/wp-json\/wp\/v2\/product_cat?post=1279"},{"taxonomy":"product_tag","embeddable":true,"href":"https:\/\/tusac.ch\/fr\/wp-json\/wp\/v2\/product_tag?post=1279"}],"curies":[{"name":"wp","href":"https:\/\/api.w.org\/{rel}","templated":true}]}}