{"id":1270,"date":"2018-01-16T16:44:23","date_gmt":"2018-01-16T16:44:23","guid":{"rendered":"https:\/\/tusac.lange-development.ch\/produkt\/sabeu-deckelhahn-25ltr\/"},"modified":"2021-06-15T12:15:54","modified_gmt":"2021-06-15T12:15:54","slug":"sabeu-deckelhahn-25ltr","status":"publish","type":"product","link":"https:\/\/tusac.ch\/fr\/shop\/betriebsbedarf\/werkstattbedarf\/sabeu-deckelhahn-25ltr\/","title":{"rendered":"Sabeu Deckelhahn 25ltr"},"content":{"rendered":"<p>Der Auslaufhahnen f\u00fcr 25 ltr Kanister eignen sich f\u00fcr ein einfaches, sauberes und schnelles Umf\u00fcllen von Fl\u00fcssigkeiten ohne Gluckern. Die sehr guten Auslaufeigenschaften basieren auf dem patentierten Bel\u00fcftungssystem.<\/p>\n<p>Alle beim Produktionsprozess verwendeten Roh- und Hilfsstoffe sind lebensmittelrechtlich und physiologisch unbedenklich und entsprechen der EG Richtlinie 2002\/72, sowie dem Lebensmittel- und Futtermittel-Gesetzbuch (LFGB).<\/p>\n","protected":false},"excerpt":{"rendered":"<p>Deckelhahnen f\u00fcr 25ltr Bidons<\/p>\n","protected":false},"featured_media":2585,"comment_status":"open","ping_status":"closed","template":"","meta":[],"product_cat":[44,65],"product_tag":[],"_links":{"self":[{"href":"https:\/\/tusac.ch\/fr\/wp-json\/wp\/v2\/product\/1270"}],"collection":[{"href":"https:\/\/tusac.ch\/fr\/wp-json\/wp\/v2\/product"}],"about":[{"href":"https:\/\/tusac.ch\/fr\/wp-json\/wp\/v2\/types\/product"}],"replies":[{"embeddable":true,"href":"https:\/\/tusac.ch\/fr\/wp-json\/wp\/v2\/comments?post=1270"}],"wp:featuredmedia":[{"embeddable":true,"href":"https:\/\/tusac.ch\/fr\/wp-json\/wp\/v2\/media\/2585"}],"wp:attachment":[{"href":"https:\/\/tusac.ch\/fr\/wp-json\/wp\/v2\/media?parent=1270"}],"wp:term":[{"taxonomy":"product_cat","embeddable":true,"href":"https:\/\/tusac.ch\/fr\/wp-json\/wp\/v2\/product_cat?post=1270"},{"taxonomy":"product_tag","embeddable":true,"href":"https:\/\/tusac.ch\/fr\/wp-json\/wp\/v2\/product_tag?post=1270"}],"curies":[{"name":"wp","href":"https:\/\/api.w.org\/{rel}","templated":true}]}}