{"id":1266,"date":"2018-01-16T16:44:23","date_gmt":"2018-01-16T16:44:23","guid":{"rendered":"https:\/\/tusac.lange-development.ch\/produkt\/reinigungspulver-sb\/"},"modified":"2022-02-12T07:32:04","modified_gmt":"2022-02-12T07:32:04","slug":"superpowder-sb","status":"publish","type":"product","link":"https:\/\/tusac.ch\/fr\/shop\/fahrzeugwaesche\/sb-waschplaetze\/superpowder-sb\/","title":{"rendered":"Superpowder SB 20kg"},"content":{"rendered":"<p>Das kraftvolle, alkalische Reinigungspulver entwickelt eine intensive L\u00f6sekraft, die auch problema-tische Verschmutzungen und Insekten abl\u00f6st. Die spezielle Rezeptur l\u00f6st sich schnell und klumpenfrei auf und ist auch bei hoher Feuchtigkeit rieself\u00e4hig und fein dosierbar. Besonders f\u00fcr HD-Ger\u00e4te und SB-Waschanlagen mit Schneckenf\u00f6rderung geeignet.<\/p>\n","protected":false},"excerpt":{"rendered":"<p>Alkalisches Pulver-Konzentrat f\u00fcr die Vorreinigung, 20kg<\/p>\n","protected":false},"featured_media":2957,"comment_status":"open","ping_status":"closed","template":"","meta":[],"product_cat":[45,67,158],"product_tag":[],"_links":{"self":[{"href":"https:\/\/tusac.ch\/fr\/wp-json\/wp\/v2\/product\/1266"}],"collection":[{"href":"https:\/\/tusac.ch\/fr\/wp-json\/wp\/v2\/product"}],"about":[{"href":"https:\/\/tusac.ch\/fr\/wp-json\/wp\/v2\/types\/product"}],"replies":[{"embeddable":true,"href":"https:\/\/tusac.ch\/fr\/wp-json\/wp\/v2\/comments?post=1266"}],"wp:featuredmedia":[{"embeddable":true,"href":"https:\/\/tusac.ch\/fr\/wp-json\/wp\/v2\/media\/2957"}],"wp:attachment":[{"href":"https:\/\/tusac.ch\/fr\/wp-json\/wp\/v2\/media?parent=1266"}],"wp:term":[{"taxonomy":"product_cat","embeddable":true,"href":"https:\/\/tusac.ch\/fr\/wp-json\/wp\/v2\/product_cat?post=1266"},{"taxonomy":"product_tag","embeddable":true,"href":"https:\/\/tusac.ch\/fr\/wp-json\/wp\/v2\/product_tag?post=1266"}],"curies":[{"name":"wp","href":"https:\/\/api.w.org\/{rel}","templated":true}]}}