{"id":1247,"date":"2018-01-16T16:44:21","date_gmt":"2018-01-16T16:44:21","guid":{"rendered":"https:\/\/tusac.lange-development.ch\/produkt\/polish-universal\/"},"modified":"2022-05-14T22:26:57","modified_gmt":"2022-05-14T22:26:57","slug":"universal-autopolitur","status":"publish","type":"product","link":"https:\/\/tusac.ch\/fr\/shop\/reinigung-und-unterhalt\/aussenpflege\/universal-autopolitur\/","title":{"rendered":"Polish Universal 1ltr"},"content":{"rendered":"<p>Eignet sich f\u00fcr die Politur und die Schlusspolitur von allen Lacktypen. Von Hand mit einem Tuch oder maschinell anwenden. Sch\u00fctzt das Fahrzeug 2\u20133 Waschg\u00e4nge, das Fahrzeug beh\u00e4lt den Glanz. Vor Gebrauch gut sch\u00fctteln.<\/p>\n","protected":false},"excerpt":{"rendered":"<p>Polish universal, 1000ml<\/p>\n","protected":false},"featured_media":2397,"comment_status":"open","ping_status":"closed","template":"","meta":[],"product_cat":[52,41],"product_tag":[],"_links":{"self":[{"href":"https:\/\/tusac.ch\/fr\/wp-json\/wp\/v2\/product\/1247"}],"collection":[{"href":"https:\/\/tusac.ch\/fr\/wp-json\/wp\/v2\/product"}],"about":[{"href":"https:\/\/tusac.ch\/fr\/wp-json\/wp\/v2\/types\/product"}],"replies":[{"embeddable":true,"href":"https:\/\/tusac.ch\/fr\/wp-json\/wp\/v2\/comments?post=1247"}],"wp:featuredmedia":[{"embeddable":true,"href":"https:\/\/tusac.ch\/fr\/wp-json\/wp\/v2\/media\/2397"}],"wp:attachment":[{"href":"https:\/\/tusac.ch\/fr\/wp-json\/wp\/v2\/media?parent=1247"}],"wp:term":[{"taxonomy":"product_cat","embeddable":true,"href":"https:\/\/tusac.ch\/fr\/wp-json\/wp\/v2\/product_cat?post=1247"},{"taxonomy":"product_tag","embeddable":true,"href":"https:\/\/tusac.ch\/fr\/wp-json\/wp\/v2\/product_tag?post=1247"}],"curies":[{"name":"wp","href":"https:\/\/api.w.org\/{rel}","templated":true}]}}