{"id":1245,"date":"2018-01-16T16:44:21","date_gmt":"2018-01-16T16:44:21","guid":{"rendered":"https:\/\/tusac.lange-development.ch\/produkt\/poliervlies-soft\/"},"modified":"2025-06-07T08:33:07","modified_gmt":"2025-06-07T08:33:07","slug":"poliervlies-soft","status":"publish","type":"product","link":"https:\/\/tusac.ch\/fr\/shop\/betriebsbedarf\/verbrauchsmaterial\/poliervlies-soft\/","title":{"rendered":"Poliervlies \u00ab\u00a0Soft\u00a0\u00bb"},"content":{"rendered":"<p>Reinigungst\u00fccher weiss im Spenderkarton Blattgr\u00f6sse 36 x 40 cm, 370 T\u00fccher. Ideal zum Polieren, Reinigen und Pflegen.<br \/>\nUnschlagbare Produktvorteile:<br \/>\n\u2022extrem weich<br \/>\n\u2022fusselfrei<br \/>\n\u2022robust<br \/>\n\u2022f\u00fcr empfindliche Oberfl\u00e4chen<br \/>\nVPE = 1 Schachtel \u00e0 370 T\u00fcchern<\/p>\n","protected":false},"excerpt":{"rendered":"<p>Poliervlies \u00ab\u00a0soft\u00a0\u00bb auf Rollen, 370 T\u00fccher, 36 x 40 cm<\/p>\n","protected":false},"featured_media":2295,"comment_status":"open","ping_status":"closed","template":"","meta":[],"product_cat":[44,56],"product_tag":[],"_links":{"self":[{"href":"https:\/\/tusac.ch\/fr\/wp-json\/wp\/v2\/product\/1245"}],"collection":[{"href":"https:\/\/tusac.ch\/fr\/wp-json\/wp\/v2\/product"}],"about":[{"href":"https:\/\/tusac.ch\/fr\/wp-json\/wp\/v2\/types\/product"}],"replies":[{"embeddable":true,"href":"https:\/\/tusac.ch\/fr\/wp-json\/wp\/v2\/comments?post=1245"}],"wp:featuredmedia":[{"embeddable":true,"href":"https:\/\/tusac.ch\/fr\/wp-json\/wp\/v2\/media\/2295"}],"wp:attachment":[{"href":"https:\/\/tusac.ch\/fr\/wp-json\/wp\/v2\/media?parent=1245"}],"wp:term":[{"taxonomy":"product_cat","embeddable":true,"href":"https:\/\/tusac.ch\/fr\/wp-json\/wp\/v2\/product_cat?post=1245"},{"taxonomy":"product_tag","embeddable":true,"href":"https:\/\/tusac.ch\/fr\/wp-json\/wp\/v2\/product_tag?post=1245"}],"curies":[{"name":"wp","href":"https:\/\/api.w.org\/{rel}","templated":true}]}}