{"id":1244,"date":"2018-01-16T16:44:21","date_gmt":"2018-01-16T16:44:21","guid":{"rendered":"https:\/\/tusac.lange-development.ch\/produkt\/pneu-glanz-schaum\/"},"modified":"2022-10-05T07:44:47","modified_gmt":"2022-10-05T07:44:47","slug":"pneu-glanz-schaum","status":"publish","type":"product","link":"https:\/\/tusac.ch\/fr\/shop\/reinigung-und-unterhalt\/reifenpflege\/pneu-glanz-schaum\/","title":{"rendered":"Pneu Glanz-Schaum"},"content":{"rendered":"<p>Pneu-Glanz verleiht den Reifen neuen Glanz, wirkt gegen UV-Strahlen und wirkt antistatisch. Sch\u00fctzt und pflegt die Reifenflanken, greift weder Aluminium noch lackierte Oberfl\u00e4chen an. Anwendung: Reifen seitlich einspr\u00fchen und trocknen lassen, nicht nachwischen. Ist auch auf nassen Oberfl\u00e4chen anwendbar. Vor Anwendung an ungef\u00e4hrdeter und unsichtbarer Stelle pr\u00fcfen. Hinweis: Nicht auf Bremsscheibe und Bremsteile oder auf Reifenlauffl\u00e4che spr\u00fchen.<\/p>\n","protected":false},"excerpt":{"rendered":"<p>Pneu-Glanz Schaum 500ml<\/p>\n","protected":false},"featured_media":1370,"comment_status":"open","ping_status":"closed","template":"","meta":[],"product_cat":[46,41],"product_tag":[],"_links":{"self":[{"href":"https:\/\/tusac.ch\/fr\/wp-json\/wp\/v2\/product\/1244"}],"collection":[{"href":"https:\/\/tusac.ch\/fr\/wp-json\/wp\/v2\/product"}],"about":[{"href":"https:\/\/tusac.ch\/fr\/wp-json\/wp\/v2\/types\/product"}],"replies":[{"embeddable":true,"href":"https:\/\/tusac.ch\/fr\/wp-json\/wp\/v2\/comments?post=1244"}],"wp:featuredmedia":[{"embeddable":true,"href":"https:\/\/tusac.ch\/fr\/wp-json\/wp\/v2\/media\/1370"}],"wp:attachment":[{"href":"https:\/\/tusac.ch\/fr\/wp-json\/wp\/v2\/media?parent=1244"}],"wp:term":[{"taxonomy":"product_cat","embeddable":true,"href":"https:\/\/tusac.ch\/fr\/wp-json\/wp\/v2\/product_cat?post=1244"},{"taxonomy":"product_tag","embeddable":true,"href":"https:\/\/tusac.ch\/fr\/wp-json\/wp\/v2\/product_tag?post=1244"}],"curies":[{"name":"wp","href":"https:\/\/api.w.org\/{rel}","templated":true}]}}