{"id":1242,"date":"2018-01-16T16:44:21","date_gmt":"2018-01-16T16:44:21","guid":{"rendered":"https:\/\/tusac.lange-development.ch\/produkt\/ph-regulierer\/"},"modified":"2022-02-12T07:58:38","modified_gmt":"2022-02-12T07:58:38","slug":"ph-regulierer","status":"publish","type":"product","link":"https:\/\/tusac.ch\/fr\/shop\/waschanlagen-chemie\/waschstrassen\/ph-regulierer\/","title":{"rendered":"PH Regulierer Spezial"},"content":{"rendered":"<p>pH-Regulierer Spezial SP800\u00a0ist ein unerl\u00e4ssliches Hilfsmittel f\u00fcr optimale Ergebnisse in der Wasseraufbereitung, denn die Ausflockung und Ausf\u00e4llung erreicht die beste Wirkung in pH-neutralem Wasser (pH-Wert zwischen 6-8). Besonders nach der Anlagenreinigung mit stark sauren Mitteln muss der pH-Wert wieder ausgeglichen werden.<\/p>\n<p><strong>Anwendung \/Dosierung<\/strong><\/p>\n<p>Unverd\u00fcnnt \u00fcber die Dosierpumpe (oder manuell mit einem Messbecher). Der Verbrauch h\u00e4ngt vom pH-Wert des Brauchwassers ab.<\/p>\n","protected":false},"excerpt":{"rendered":"<p>PH Regulierer, Bidon 25ltr<\/p>\n","protected":false},"featured_media":2953,"comment_status":"open","ping_status":"closed","template":"","meta":[],"product_cat":[45,158,69,70],"product_tag":[],"_links":{"self":[{"href":"https:\/\/tusac.ch\/fr\/wp-json\/wp\/v2\/product\/1242"}],"collection":[{"href":"https:\/\/tusac.ch\/fr\/wp-json\/wp\/v2\/product"}],"about":[{"href":"https:\/\/tusac.ch\/fr\/wp-json\/wp\/v2\/types\/product"}],"replies":[{"embeddable":true,"href":"https:\/\/tusac.ch\/fr\/wp-json\/wp\/v2\/comments?post=1242"}],"wp:featuredmedia":[{"embeddable":true,"href":"https:\/\/tusac.ch\/fr\/wp-json\/wp\/v2\/media\/2953"}],"wp:attachment":[{"href":"https:\/\/tusac.ch\/fr\/wp-json\/wp\/v2\/media?parent=1242"}],"wp:term":[{"taxonomy":"product_cat","embeddable":true,"href":"https:\/\/tusac.ch\/fr\/wp-json\/wp\/v2\/product_cat?post=1242"},{"taxonomy":"product_tag","embeddable":true,"href":"https:\/\/tusac.ch\/fr\/wp-json\/wp\/v2\/product_tag?post=1242"}],"curies":[{"name":"wp","href":"https:\/\/api.w.org\/{rel}","templated":true}]}}