{"id":1239,"date":"2018-01-16T16:44:20","date_gmt":"2018-01-16T16:44:20","guid":{"rendered":"https:\/\/tusac.lange-development.ch\/produkt\/pevastar-2ltr\/"},"modified":"2021-06-24T10:16:20","modified_gmt":"2021-06-24T10:16:20","slug":"pevastar-2ltr","status":"publish","type":"product","link":"https:\/\/tusac.ch\/fr\/shop\/betriebsbedarf\/handreiniger\/pevastar-2ltr\/","title":{"rendered":"PEVASTAR 2ltr"},"content":{"rendered":"<p>Der konzentrierte, past\u00f6se Handreiniger mit Doppelwirkung, zur Entfernung von starken Verschmutzungen in allen Industriebereichen.<\/p>\n<p>Anwendung: Pevastar reinigt porentief mit nachhaltigem Hautschutz und effektiver R\u00fcckfettung. Es ist flie\u00dff\u00e4hig und entfernt m\u00fchelos mittlere bis starke Verschmutzungen wie z.B. \u00d6le, Fette, Teer, Bitumen, verschiedene Farben und Druckfarben, etc. Es ist sehr vielseitig und kann in allen Industriebereichen eingesetzt werden.<\/p>\n","protected":false},"excerpt":{"rendered":"<p>Pevastar Handreiniger 2ltr Softflasche<\/p>\n","protected":false},"featured_media":2785,"comment_status":"open","ping_status":"closed","template":"","meta":[],"product_cat":[44,53],"product_tag":[],"_links":{"self":[{"href":"https:\/\/tusac.ch\/fr\/wp-json\/wp\/v2\/product\/1239"}],"collection":[{"href":"https:\/\/tusac.ch\/fr\/wp-json\/wp\/v2\/product"}],"about":[{"href":"https:\/\/tusac.ch\/fr\/wp-json\/wp\/v2\/types\/product"}],"replies":[{"embeddable":true,"href":"https:\/\/tusac.ch\/fr\/wp-json\/wp\/v2\/comments?post=1239"}],"wp:featuredmedia":[{"embeddable":true,"href":"https:\/\/tusac.ch\/fr\/wp-json\/wp\/v2\/media\/2785"}],"wp:attachment":[{"href":"https:\/\/tusac.ch\/fr\/wp-json\/wp\/v2\/media?parent=1239"}],"wp:term":[{"taxonomy":"product_cat","embeddable":true,"href":"https:\/\/tusac.ch\/fr\/wp-json\/wp\/v2\/product_cat?post=1239"},{"taxonomy":"product_tag","embeddable":true,"href":"https:\/\/tusac.ch\/fr\/wp-json\/wp\/v2\/product_tag?post=1239"}],"curies":[{"name":"wp","href":"https:\/\/api.w.org\/{rel}","templated":true}]}}