{"id":1234,"date":"2018-01-16T16:44:20","date_gmt":"2018-01-16T16:44:20","guid":{"rendered":"https:\/\/tusac.lange-development.ch\/produkt\/pevalind-hautpflege-lotion\/"},"modified":"2021-06-25T09:05:02","modified_gmt":"2021-06-25T09:05:02","slug":"pevalind-hautpflege-lotion","status":"publish","type":"product","link":"https:\/\/tusac.ch\/fr\/shop\/betriebsbedarf\/handschutz\/pevalind-hautpflege-lotion\/","title":{"rendered":"Pevalind Hautpflege Lotion 1ltr"},"content":{"rendered":"<p>Pevalind, wirkstoffreiche, hochwertige Hautpflege-Lotion nach leichten bis starken Hautbelastungen.<br \/>\nzur Pflege nach h\u00e4ufigen und intensiven Hautreinigungen zur Regeneration von angegriffenen Hautpartien zur Erhaltung der Hautelastizit\u00e4t<br \/>\nEigenschaften:<br \/>\nwirkstoffreich schwach fettend, leicht verteilbar und sehr schnell einziehend f\u00fcr jeden Hauttyp geeignet f\u00fcr den ganzen K\u00f6rper geeignet spezielle Feuchtigkeitsspender verhindern ein zu starkes Austrocknen der Haut<\/p>\n","protected":false},"excerpt":{"rendered":"<p>Pevalind Hautpflege Lotion 1ltr<\/p>\n","protected":false},"featured_media":2769,"comment_status":"open","ping_status":"closed","template":"","meta":[],"product_cat":[44,57],"product_tag":[],"_links":{"self":[{"href":"https:\/\/tusac.ch\/fr\/wp-json\/wp\/v2\/product\/1234"}],"collection":[{"href":"https:\/\/tusac.ch\/fr\/wp-json\/wp\/v2\/product"}],"about":[{"href":"https:\/\/tusac.ch\/fr\/wp-json\/wp\/v2\/types\/product"}],"replies":[{"embeddable":true,"href":"https:\/\/tusac.ch\/fr\/wp-json\/wp\/v2\/comments?post=1234"}],"wp:featuredmedia":[{"embeddable":true,"href":"https:\/\/tusac.ch\/fr\/wp-json\/wp\/v2\/media\/2769"}],"wp:attachment":[{"href":"https:\/\/tusac.ch\/fr\/wp-json\/wp\/v2\/media?parent=1234"}],"wp:term":[{"taxonomy":"product_cat","embeddable":true,"href":"https:\/\/tusac.ch\/fr\/wp-json\/wp\/v2\/product_cat?post=1234"},{"taxonomy":"product_tag","embeddable":true,"href":"https:\/\/tusac.ch\/fr\/wp-json\/wp\/v2\/product_tag?post=1234"}],"curies":[{"name":"wp","href":"https:\/\/api.w.org\/{rel}","templated":true}]}}