{"id":1232,"date":"2018-01-16T16:44:20","date_gmt":"2018-01-16T16:44:20","guid":{"rendered":"https:\/\/tusac.lange-development.ch\/produkt\/pevalin-spezial-200ml\/"},"modified":"2022-06-13T05:44:45","modified_gmt":"2022-06-13T05:44:45","slug":"pevalin-spezial-200ml","status":"publish","type":"product","link":"https:\/\/tusac.ch\/fr\/shop\/betriebsbedarf\/handreiniger\/pevalin-spezial-200ml\/","title":{"rendered":"PEVALIN SPEZIAL 200ml"},"content":{"rendered":"<p>Handreinigungs-Creme zur m\u00fchelosen Entfernung von hartn\u00e4ckigen bzw. stark anhaftenden Verschmutzungen. Anwendungsbereiche: Farben aller Art (Kunstharz-, Nitro- und Tiefdruckfarben), diverse Klebstoffe, Dichtungsmaterialien, \u00d6le, Fette, Teer, Bitumen, PU-Sch\u00e4ume, Graphit, Harze, Ru\u00df. Eigenschaften: reinigt porentief ohne Wasser, ideal einsetzbar auf Baustellen ohne Wasseranschluss, hautschonend, r\u00fcckfettend, mit hochwertigen und hautfreundlichen Kunststoffreibemitteln (PU), mit kaltgepressten nat\u00fcrlichen \u00d6len, pflanzlichen Glyceriden, nat\u00fcrlicher Sheabutter, silikonfrei.<\/p>\n","protected":false},"excerpt":{"rendered":"<p>Pevalin Spezial Tube 200ml<\/p>\n","protected":false},"featured_media":2777,"comment_status":"open","ping_status":"closed","template":"","meta":[],"product_cat":[44,53],"product_tag":[],"_links":{"self":[{"href":"https:\/\/tusac.ch\/fr\/wp-json\/wp\/v2\/product\/1232"}],"collection":[{"href":"https:\/\/tusac.ch\/fr\/wp-json\/wp\/v2\/product"}],"about":[{"href":"https:\/\/tusac.ch\/fr\/wp-json\/wp\/v2\/types\/product"}],"replies":[{"embeddable":true,"href":"https:\/\/tusac.ch\/fr\/wp-json\/wp\/v2\/comments?post=1232"}],"wp:featuredmedia":[{"embeddable":true,"href":"https:\/\/tusac.ch\/fr\/wp-json\/wp\/v2\/media\/2777"}],"wp:attachment":[{"href":"https:\/\/tusac.ch\/fr\/wp-json\/wp\/v2\/media?parent=1232"}],"wp:term":[{"taxonomy":"product_cat","embeddable":true,"href":"https:\/\/tusac.ch\/fr\/wp-json\/wp\/v2\/product_cat?post=1232"},{"taxonomy":"product_tag","embeddable":true,"href":"https:\/\/tusac.ch\/fr\/wp-json\/wp\/v2\/product_tag?post=1232"}],"curies":[{"name":"wp","href":"https:\/\/api.w.org\/{rel}","templated":true}]}}