{"id":1218,"date":"2018-01-16T16:44:18","date_gmt":"2018-01-16T16:44:18","guid":{"rendered":"https:\/\/tusac.lange-development.ch\/produkt\/motorschutzlack\/"},"modified":"2023-05-26T04:42:28","modified_gmt":"2023-05-26T04:42:28","slug":"motorschutzlack","status":"publish","type":"product","link":"https:\/\/tusac.ch\/fr\/shop\/reinigung-und-unterhalt\/aussenpflege\/motorschutzlack\/","title":{"rendered":"Motorschutzlack 400ml"},"content":{"rendered":"<p>Langhaftender und widerstandsf\u00e4higer plastischer Schutzfilm.<br \/>\nIst best\u00e4ndig gegen St\u00f6\u00dfe, extreme Temperaturen, Witterungseinfl\u00fcsse, Salzgehalt, Reinigungsmittel, Benzin und Alkohol.<br \/>\nMotorschutzlack ist durchsichtig und vergilbt nicht. Vermeidet Kriechstr\u00f6me. Ideal zum Schutz aller Motoren, auch Bootsmotoren. Sch\u00fctzt Metalle und Legierungen, Kunststoff, Holz, Zement, Leder und Stoffe. Nicht auf synthetischen Geweben, weichen Kunststoffen und Polystyrolschaum verwenden.<br \/>\nEnth\u00e4lt kein Silikon.<\/p>\n","protected":false},"excerpt":{"rendered":"<p>Motorschutz-Lack, 400ml<\/p>\n","protected":false},"featured_media":2463,"comment_status":"open","ping_status":"closed","template":"","meta":[],"product_cat":[52,41],"product_tag":[],"_links":{"self":[{"href":"https:\/\/tusac.ch\/fr\/wp-json\/wp\/v2\/product\/1218"}],"collection":[{"href":"https:\/\/tusac.ch\/fr\/wp-json\/wp\/v2\/product"}],"about":[{"href":"https:\/\/tusac.ch\/fr\/wp-json\/wp\/v2\/types\/product"}],"replies":[{"embeddable":true,"href":"https:\/\/tusac.ch\/fr\/wp-json\/wp\/v2\/comments?post=1218"}],"wp:featuredmedia":[{"embeddable":true,"href":"https:\/\/tusac.ch\/fr\/wp-json\/wp\/v2\/media\/2463"}],"wp:attachment":[{"href":"https:\/\/tusac.ch\/fr\/wp-json\/wp\/v2\/media?parent=1218"}],"wp:term":[{"taxonomy":"product_cat","embeddable":true,"href":"https:\/\/tusac.ch\/fr\/wp-json\/wp\/v2\/product_cat?post=1218"},{"taxonomy":"product_tag","embeddable":true,"href":"https:\/\/tusac.ch\/fr\/wp-json\/wp\/v2\/product_tag?post=1218"}],"curies":[{"name":"wp","href":"https:\/\/api.w.org\/{rel}","templated":true}]}}