{"id":1204,"date":"2018-01-16T16:44:18","date_gmt":"2018-01-16T16:44:18","guid":{"rendered":"https:\/\/tusac.lange-development.ch\/produkt\/konservierer-basic\/"},"modified":"2022-02-12T07:16:40","modified_gmt":"2022-02-12T07:16:40","slug":"unterbodenwachs-plus","status":"publish","type":"product","link":"https:\/\/tusac.ch\/fr\/shop\/waschanlagen-chemie\/waschstrassen\/unterbodenwachs-plus\/","title":{"rendered":"Unterbodenwachs Plus"},"content":{"rendered":"<p>Mit zuverl\u00e4ssigem Schutz gegen Korrosion stellt er die perfekte Erg\u00e4nzung zur Unterbodenw\u00e4sche dar. Gerade verwinkelte, schwer zug\u00e4ngliche Bereiche unter dem Fahrzeug erhalten eine sichere Versiegelung gegen aggressive Umwelteinfl\u00fcsse wie z. B. Streusalz.<\/p>\n<p>Unverd\u00fcnnt \u00fcber die Dosierpumpe. Verbrauch ca. 40 bis 80 ml Konzentrat pro Fahrzeug.<\/p>\n","protected":false},"excerpt":{"rendered":"<p>Unterbodenwachs Plus<\/p>\n","protected":false},"featured_media":2809,"comment_status":"open","ping_status":"closed","template":"","meta":[],"product_cat":[45,68,67,71,158,69],"product_tag":[],"_links":{"self":[{"href":"https:\/\/tusac.ch\/fr\/wp-json\/wp\/v2\/product\/1204"}],"collection":[{"href":"https:\/\/tusac.ch\/fr\/wp-json\/wp\/v2\/product"}],"about":[{"href":"https:\/\/tusac.ch\/fr\/wp-json\/wp\/v2\/types\/product"}],"replies":[{"embeddable":true,"href":"https:\/\/tusac.ch\/fr\/wp-json\/wp\/v2\/comments?post=1204"}],"wp:featuredmedia":[{"embeddable":true,"href":"https:\/\/tusac.ch\/fr\/wp-json\/wp\/v2\/media\/2809"}],"wp:attachment":[{"href":"https:\/\/tusac.ch\/fr\/wp-json\/wp\/v2\/media?parent=1204"}],"wp:term":[{"taxonomy":"product_cat","embeddable":true,"href":"https:\/\/tusac.ch\/fr\/wp-json\/wp\/v2\/product_cat?post=1204"},{"taxonomy":"product_tag","embeddable":true,"href":"https:\/\/tusac.ch\/fr\/wp-json\/wp\/v2\/product_tag?post=1204"}],"curies":[{"name":"wp","href":"https:\/\/api.w.org\/{rel}","templated":true}]}}