{"id":1202,"date":"2018-01-16T16:44:17","date_gmt":"2018-01-16T16:44:17","guid":{"rendered":"https:\/\/tusac.lange-development.ch\/produkt\/kimberly-clark-bodenstnder-fr-grorollen\/"},"modified":"2021-06-09T13:03:53","modified_gmt":"2021-06-09T13:03:53","slug":"kimberly-clark-bodenstnder-fr-grorollen","status":"publish","type":"product","link":"https:\/\/tusac.ch\/fr\/shop\/betriebsbedarf\/verbrauchsmaterial\/kimberly-clark-bodenstnder-fr-grorollen\/","title":{"rendered":"Kimberly Clark Bodenst\u00e4nder f\u00fcr Grossrollen"},"content":{"rendered":"<p>Kimberly Clark Bodenst\u00e4nder f\u00fcr Gro\u00dfrollen<\/p>\n<p>Metall, blau, blau, H 96 x B 51,5 x T 55 cm<\/p>\n","protected":false},"excerpt":{"rendered":"<p>Metall, blau, blau, H 96 x B 51,5 x T 55 cm<\/p>\n","protected":false},"featured_media":2481,"comment_status":"open","ping_status":"closed","template":"","meta":[],"product_cat":[44,56],"product_tag":[],"_links":{"self":[{"href":"https:\/\/tusac.ch\/fr\/wp-json\/wp\/v2\/product\/1202"}],"collection":[{"href":"https:\/\/tusac.ch\/fr\/wp-json\/wp\/v2\/product"}],"about":[{"href":"https:\/\/tusac.ch\/fr\/wp-json\/wp\/v2\/types\/product"}],"replies":[{"embeddable":true,"href":"https:\/\/tusac.ch\/fr\/wp-json\/wp\/v2\/comments?post=1202"}],"wp:featuredmedia":[{"embeddable":true,"href":"https:\/\/tusac.ch\/fr\/wp-json\/wp\/v2\/media\/2481"}],"wp:attachment":[{"href":"https:\/\/tusac.ch\/fr\/wp-json\/wp\/v2\/media?parent=1202"}],"wp:term":[{"taxonomy":"product_cat","embeddable":true,"href":"https:\/\/tusac.ch\/fr\/wp-json\/wp\/v2\/product_cat?post=1202"},{"taxonomy":"product_tag","embeddable":true,"href":"https:\/\/tusac.ch\/fr\/wp-json\/wp\/v2\/product_tag?post=1202"}],"curies":[{"name":"wp","href":"https:\/\/api.w.org\/{rel}","templated":true}]}}