{"id":1201,"date":"2018-01-16T16:44:17","date_gmt":"2018-01-16T16:44:17","guid":{"rendered":"https:\/\/tusac.lange-development.ch\/produkt\/katrin-system-rollenspender\/"},"modified":"2018-03-11T19:33:05","modified_gmt":"2018-03-11T19:33:05","slug":"katrin-system-rollenspender","status":"publish","type":"product","link":"https:\/\/tusac.ch\/fr\/shop\/betriebsbedarf\/verbrauchsmaterial\/katrin-system-rollenspender\/","title":{"rendered":"Katrin System Rollenspender"},"content":{"rendered":"<p>\u2022Flexible Schlosskonstruktion &#8211; Auswahl der Funktion mit oder ohne Schl\u00fcssel<br \/>\n\u2022Extrem funktional mit vielen cleveren Extras<br \/>\n\u2022Zuverl\u00e4ssig<br \/>\n\u2022Leicht zu benutzen<br \/>\n\u2022Optimale Blattgr\u00f6\u00dfe<br \/>\n\u2022Hohe Kapazit\u00e4t &#8211; 450 bis 690 Blatt pro Rolle reichen f\u00fcr 370 bis 460 H\u00e4ndetrocknungen; abh\u00e4ngig von der Papierqualit\u00e4t<br \/>\n\u2022Leicht nachzuf\u00fcllen<br \/>\n\u2022So konzipiert; dass das Papier einer Rolle vollst\u00e4ndig aufgebraucht wird<br \/>\n\u2022Kontrollierter Verbrauch<br \/>\n\u2022Handt\u00fccher sind immer sauber und unber\u00fchrt<br \/>\n\u2022Leise<br \/>\n\u2022Wartungsfrei<br \/>\n\u2022Passend f\u00fcr alle Anwendungsbereiche<\/p>\n","protected":false},"excerpt":{"rendered":"<p>Katrin System Rollenspender, Kunststoff, Hellgrau. Papier: 460102<\/p>\n","protected":false},"featured_media":2549,"comment_status":"open","ping_status":"closed","template":"","meta":[],"product_cat":[44,56],"product_tag":[],"_links":{"self":[{"href":"https:\/\/tusac.ch\/fr\/wp-json\/wp\/v2\/product\/1201"}],"collection":[{"href":"https:\/\/tusac.ch\/fr\/wp-json\/wp\/v2\/product"}],"about":[{"href":"https:\/\/tusac.ch\/fr\/wp-json\/wp\/v2\/types\/product"}],"replies":[{"embeddable":true,"href":"https:\/\/tusac.ch\/fr\/wp-json\/wp\/v2\/comments?post=1201"}],"wp:featuredmedia":[{"embeddable":true,"href":"https:\/\/tusac.ch\/fr\/wp-json\/wp\/v2\/media\/2549"}],"wp:attachment":[{"href":"https:\/\/tusac.ch\/fr\/wp-json\/wp\/v2\/media?parent=1201"}],"wp:term":[{"taxonomy":"product_cat","embeddable":true,"href":"https:\/\/tusac.ch\/fr\/wp-json\/wp\/v2\/product_cat?post=1201"},{"taxonomy":"product_tag","embeddable":true,"href":"https:\/\/tusac.ch\/fr\/wp-json\/wp\/v2\/product_tag?post=1201"}],"curies":[{"name":"wp","href":"https:\/\/api.w.org\/{rel}","templated":true}]}}