{"id":1200,"date":"2018-01-16T16:44:17","date_gmt":"2018-01-16T16:44:17","guid":{"rendered":"https:\/\/tusac.lange-development.ch\/produkt\/katrin-system-htr\/"},"modified":"2018-02-26T12:19:02","modified_gmt":"2018-02-26T12:19:02","slug":"katrin-system-htr","status":"publish","type":"product","link":"https:\/\/tusac.ch\/fr\/shop\/betriebsbedarf\/verbrauchsmaterial\/katrin-system-htr\/","title":{"rendered":"Katrin System HTR"},"content":{"rendered":"<p>\u2022Volumin\u00f6ses; weiches Tissue f\u00fcr die hygienische H\u00e4ndetrocknung<br \/>\n\u2022Wei\u00dfes; 2-lagiges Tissue<br \/>\n\u2022Extraschnelle Absorption und hohes Aufnahmeverm\u00f6gen<br \/>\n\u2022Extrastark f\u00fcr effizientes Trocknen<br \/>\n\u2022680 Blatt \/ Rolle<\/p>\n<p>VPE = 1 Pack \/ 6 Rollen<\/p>\n","protected":false},"excerpt":{"rendered":"<p>Handtuchrolle Sytsem HTR, 2-lagig, weiss. 6 Rollen x 160m<\/p>\n","protected":false},"featured_media":2541,"comment_status":"open","ping_status":"closed","template":"","meta":[],"product_cat":[44,56],"product_tag":[],"_links":{"self":[{"href":"https:\/\/tusac.ch\/fr\/wp-json\/wp\/v2\/product\/1200"}],"collection":[{"href":"https:\/\/tusac.ch\/fr\/wp-json\/wp\/v2\/product"}],"about":[{"href":"https:\/\/tusac.ch\/fr\/wp-json\/wp\/v2\/types\/product"}],"replies":[{"embeddable":true,"href":"https:\/\/tusac.ch\/fr\/wp-json\/wp\/v2\/comments?post=1200"}],"wp:featuredmedia":[{"embeddable":true,"href":"https:\/\/tusac.ch\/fr\/wp-json\/wp\/v2\/media\/2541"}],"wp:attachment":[{"href":"https:\/\/tusac.ch\/fr\/wp-json\/wp\/v2\/media?parent=1200"}],"wp:term":[{"taxonomy":"product_cat","embeddable":true,"href":"https:\/\/tusac.ch\/fr\/wp-json\/wp\/v2\/product_cat?post=1200"},{"taxonomy":"product_tag","embeddable":true,"href":"https:\/\/tusac.ch\/fr\/wp-json\/wp\/v2\/product_tag?post=1200"}],"curies":[{"name":"wp","href":"https:\/\/api.w.org\/{rel}","templated":true}]}}