{"id":1199,"date":"2018-01-16T16:44:17","date_gmt":"2018-01-16T16:44:17","guid":{"rendered":"https:\/\/tusac.lange-development.ch\/produkt\/katrin-rollenspender-m\/"},"modified":"2020-10-20T14:04:33","modified_gmt":"2020-10-20T14:04:33","slug":"katrin-rollenspender-m","status":"publish","type":"product","link":"https:\/\/tusac.ch\/fr\/shop\/betriebsbedarf\/verbrauchsmaterial\/katrin-rollenspender-m\/","title":{"rendered":"Katrin Rollenspender M"},"content":{"rendered":"<p>Freie Wahl bei der Nutzung der Schlie\u00dffunktion (mit oder ohne Schl\u00fcssel)<br \/>\n\u2022 \u0083\u0083Einfaches Einlegen einer neuen Rolle dank der neuen frontalen \u00d6ffnung im Rollenhalter<br \/>\n\u2022 \u0083\u0083Kein Suchen mehr nach dem verloren gegangenen Ende der Papierrolle dank des neu designten Papierentnahmebereichs<br \/>\n\u2022 \u0083\u0083Einfacher Papierabriss nach vorne sowie seitlich dank der optimierten Abrisskanten<br \/>\n\u2022\u0083\u0083 Zahlreiche Optionen hinsichtlich der Auswahl der passenden Katrin Centerfeed Handtuchrollenprodukte, da sowohl Rollen ohne H\u00fclse als auch Rollen mit herausnehmbarer H\u00fclse verwendet werden k\u00f6nnen<br \/>\n\u2022\u0083\u0083 Neue flexible Rollenbremse f\u00fcr eine verbesserte Papierausgabe<br \/>\n\u2022 Wichtigsten Rohstoffe von Major Kunststoffteile und Kappen: ABS (Acrylonitrile butadiene styrene), PC (polycarbonate), POM (polyoxymethylene)<\/p>\n<p>H388 x B260 x T230 mm<\/p>\n","protected":false},"excerpt":{"rendered":"<p>Rollenspender Centerfeed M (Innenabrollung) weiss,H388 x B260 x T230 mm<\/p>\n","protected":false},"featured_media":2697,"comment_status":"open","ping_status":"closed","template":"","meta":[],"product_cat":[44,56],"product_tag":[],"_links":{"self":[{"href":"https:\/\/tusac.ch\/fr\/wp-json\/wp\/v2\/product\/1199"}],"collection":[{"href":"https:\/\/tusac.ch\/fr\/wp-json\/wp\/v2\/product"}],"about":[{"href":"https:\/\/tusac.ch\/fr\/wp-json\/wp\/v2\/types\/product"}],"replies":[{"embeddable":true,"href":"https:\/\/tusac.ch\/fr\/wp-json\/wp\/v2\/comments?post=1199"}],"wp:featuredmedia":[{"embeddable":true,"href":"https:\/\/tusac.ch\/fr\/wp-json\/wp\/v2\/media\/2697"}],"wp:attachment":[{"href":"https:\/\/tusac.ch\/fr\/wp-json\/wp\/v2\/media?parent=1199"}],"wp:term":[{"taxonomy":"product_cat","embeddable":true,"href":"https:\/\/tusac.ch\/fr\/wp-json\/wp\/v2\/product_cat?post=1199"},{"taxonomy":"product_tag","embeddable":true,"href":"https:\/\/tusac.ch\/fr\/wp-json\/wp\/v2\/product_tag?post=1199"}],"curies":[{"name":"wp","href":"https:\/\/api.w.org\/{rel}","templated":true}]}}