{"id":1197,"date":"2018-01-16T16:44:17","date_gmt":"2018-01-16T16:44:17","guid":{"rendered":"https:\/\/tusac.lange-development.ch\/produkt\/intensiv-felgenreiniger-plus\/"},"modified":"2023-04-28T07:06:57","modified_gmt":"2023-04-28T07:06:57","slug":"intensiv-felgenreiniger-plus","status":"publish","type":"product","link":"https:\/\/tusac.ch\/fr\/shop\/waschanlagen-chemie\/waschstrassen\/intensiv-felgenreiniger-plus\/","title":{"rendered":"Intensiv Felgenreiniger Forte"},"content":{"rendered":"<p>Saurer Spezialreiniger mit einer Drei-S\u00e4uren-Kombination f\u00fcr hartn\u00e4ckige Verschmutzungen auf Felgen.<\/p>\n<p>Wirkt intensiv gegen anorganischen Schmutz und entfernt selbst problematische Verschmutzungen wie Bremsbelagabrieb, verkrusteten Schlamm oder Stra\u00dfenschmutz. Durch hohes Kriechverm\u00f6gen und Dispergiereffekt wird der Schmutz unterwandert, dispergiert und aufgel\u00f6st und kann so leichter mit Wasser abgewaschen werden. Mit seiner reduzierten Verdunstungsrate bleibt der Reiniger l\u00e4nger fl\u00fcssig und chemisch aktiv. Ergebnis ist eine stark verbesserte Reinigungsleistung. Biologisch abbaubare Tenside sch\u00fctzen Boden und Wasser vor belastender Chemie. Enth\u00e4lt Korrosionsschutz.<\/p>\n","protected":false},"excerpt":{"rendered":"<p>Intensiv-Felgenreiniger plus, 25ltr<\/p>\n","protected":false},"featured_media":2815,"comment_status":"open","ping_status":"closed","template":"","meta":[],"product_cat":[45,78,66,41,49,67,158,69],"product_tag":[],"_links":{"self":[{"href":"https:\/\/tusac.ch\/fr\/wp-json\/wp\/v2\/product\/1197"}],"collection":[{"href":"https:\/\/tusac.ch\/fr\/wp-json\/wp\/v2\/product"}],"about":[{"href":"https:\/\/tusac.ch\/fr\/wp-json\/wp\/v2\/types\/product"}],"replies":[{"embeddable":true,"href":"https:\/\/tusac.ch\/fr\/wp-json\/wp\/v2\/comments?post=1197"}],"wp:featuredmedia":[{"embeddable":true,"href":"https:\/\/tusac.ch\/fr\/wp-json\/wp\/v2\/media\/2815"}],"wp:attachment":[{"href":"https:\/\/tusac.ch\/fr\/wp-json\/wp\/v2\/media?parent=1197"}],"wp:term":[{"taxonomy":"product_cat","embeddable":true,"href":"https:\/\/tusac.ch\/fr\/wp-json\/wp\/v2\/product_cat?post=1197"},{"taxonomy":"product_tag","embeddable":true,"href":"https:\/\/tusac.ch\/fr\/wp-json\/wp\/v2\/product_tag?post=1197"}],"curies":[{"name":"wp","href":"https:\/\/api.w.org\/{rel}","templated":true}]}}