{"id":1196,"date":"2018-01-16T16:44:16","date_gmt":"2018-01-16T16:44:16","guid":{"rendered":"https:\/\/tusac.lange-development.ch\/produkt\/insektenlser-spezial\/"},"modified":"2024-01-30T15:43:56","modified_gmt":"2024-01-30T15:43:56","slug":"insektenlser-spezial","status":"publish","type":"product","link":"https:\/\/tusac.ch\/fr\/shop\/waschanlagen-chemie\/waschstrassen\/insektenlser-spezial\/","title":{"rendered":"Insektenl\u00f6ser Spezial"},"content":{"rendered":"<ul id=\"dot-color\">\n<li class=\"black\"><b>Wirkungsvolles, alkalisches Konzentrat f\u00fcr die Entfernung von Grobschmutz und Insekten. <\/b><\/li>\n<\/ul>\n<p>Der Insektenl\u00f6ser Spezial SP200\u00a0entfernt m\u00fchelos neben hartn\u00e4ckigem Grobschmutz selbst angetrocknete Insektenreste schnell, wirkungsvoll und schonend. Die besondere Tensidkombination des hoch konzentrierten Reinigers wirkt effektiv und ist dabei extra schonend zu Lack und Felge. Daher problemlos im SB-Bereich anwendbar. Mit Duft.<\/p>\n<p>Einsatz zur Insektenentfernung in Vorspr\u00fchlanzen: 3 bis 5 %ig. In Vorspr\u00fchb\u00f6gen: 1 bis 2 %ig. Anschlie\u00dfend mit Wasser absp\u00fclen. In Vorspr\u00fchger\u00e4ten: 3 %ig (2 l auf 60 l Wasser).<\/p>\n","protected":false},"excerpt":{"rendered":"<p>Insektenl\u00f6ser Spezial, 25ltr<\/p>\n","protected":false},"featured_media":2817,"comment_status":"open","ping_status":"closed","template":"","meta":[],"product_cat":[52,45,41,49,67,158,69],"product_tag":[],"_links":{"self":[{"href":"https:\/\/tusac.ch\/fr\/wp-json\/wp\/v2\/product\/1196"}],"collection":[{"href":"https:\/\/tusac.ch\/fr\/wp-json\/wp\/v2\/product"}],"about":[{"href":"https:\/\/tusac.ch\/fr\/wp-json\/wp\/v2\/types\/product"}],"replies":[{"embeddable":true,"href":"https:\/\/tusac.ch\/fr\/wp-json\/wp\/v2\/comments?post=1196"}],"wp:featuredmedia":[{"embeddable":true,"href":"https:\/\/tusac.ch\/fr\/wp-json\/wp\/v2\/media\/2817"}],"wp:attachment":[{"href":"https:\/\/tusac.ch\/fr\/wp-json\/wp\/v2\/media?parent=1196"}],"wp:term":[{"taxonomy":"product_cat","embeddable":true,"href":"https:\/\/tusac.ch\/fr\/wp-json\/wp\/v2\/product_cat?post=1196"},{"taxonomy":"product_tag","embeddable":true,"href":"https:\/\/tusac.ch\/fr\/wp-json\/wp\/v2\/product_tag?post=1196"}],"curies":[{"name":"wp","href":"https:\/\/api.w.org\/{rel}","templated":true}]}}