{"id":1188,"date":"2018-01-16T16:44:16","date_gmt":"2018-01-16T16:44:16","guid":{"rendered":"https:\/\/tusac.lange-development.ch\/produkt\/handtuchrolle-extra-weich\/"},"modified":"2023-07-20T15:04:31","modified_gmt":"2023-07-20T15:04:31","slug":"handtuchrolle-extra-weich","status":"publish","type":"product","link":"https:\/\/tusac.ch\/fr\/shop\/betriebsbedarf\/verbrauchsmaterial\/handtuchrolle-extra-weich\/","title":{"rendered":"Handtuchrolle TU-04 \u00ab\u00a0Extra weich\u00a0\u00bb"},"content":{"rendered":"<p>Qualit\u00e4tspapier \u00ab\u00a0extra weich\u00a0\u00bb 400 Abrisse \/ Rolle, Blattgr\u00f6sse 20.5 x 38 cm, 2-lagig perforiert. Innen und aussen abrollbar.<\/p>\n<p>Das ideale Papier f\u00fcr in Ihren Spender in Sanit\u00e4rr\u00e4umen, Werkstatt, Tankstellen, K\u00fcchen usw. Wir f\u00fchren auch die passenden Spendersysteme.<\/p>\n","protected":false},"excerpt":{"rendered":"<p>Handtuchrolle \u00ab\u00a0extra weich\u00a0\u00bb, 400 Abrisse, 22 x 38 cm, 2-lagig, perforiert, Pack 6 Rollen<\/p>\n","protected":false},"featured_media":2291,"comment_status":"open","ping_status":"closed","template":"","meta":[],"product_cat":[44,56],"product_tag":[],"_links":{"self":[{"href":"https:\/\/tusac.ch\/fr\/wp-json\/wp\/v2\/product\/1188"}],"collection":[{"href":"https:\/\/tusac.ch\/fr\/wp-json\/wp\/v2\/product"}],"about":[{"href":"https:\/\/tusac.ch\/fr\/wp-json\/wp\/v2\/types\/product"}],"replies":[{"embeddable":true,"href":"https:\/\/tusac.ch\/fr\/wp-json\/wp\/v2\/comments?post=1188"}],"wp:featuredmedia":[{"embeddable":true,"href":"https:\/\/tusac.ch\/fr\/wp-json\/wp\/v2\/media\/2291"}],"wp:attachment":[{"href":"https:\/\/tusac.ch\/fr\/wp-json\/wp\/v2\/media?parent=1188"}],"wp:term":[{"taxonomy":"product_cat","embeddable":true,"href":"https:\/\/tusac.ch\/fr\/wp-json\/wp\/v2\/product_cat?post=1188"},{"taxonomy":"product_tag","embeddable":true,"href":"https:\/\/tusac.ch\/fr\/wp-json\/wp\/v2\/product_tag?post=1188"}],"curies":[{"name":"wp","href":"https:\/\/api.w.org\/{rel}","templated":true}]}}