{"id":1187,"date":"2018-01-16T16:44:16","date_gmt":"2018-01-16T16:44:16","guid":{"rendered":"https:\/\/tusac.lange-development.ch\/produkt\/handtuchrolle\/"},"modified":"2026-03-21T17:23:48","modified_gmt":"2026-03-21T17:23:48","slug":"handtuchrolle","status":"publish","type":"product","link":"https:\/\/tusac.ch\/fr\/shop\/betriebsbedarf\/verbrauchsmaterial\/handtuchrolle\/","title":{"rendered":"Handtuchrolle ST-88082"},"content":{"rendered":"<p>Blattgr\u00f6sse 20 x 20 cm, 1-lagig perforiert, hochweiss. Innen und aussen abrollbar.<\/p>\n<p>Das ideale Papier f\u00fcr in Ihren Spender in Sanit\u00e4rr\u00e4umen, Werkstatt, Tankstellen, K\u00fcchen usw. Wir f\u00fchren auch die passenden Spendersysteme.<\/p>\n","protected":false},"excerpt":{"rendered":"<p>Handtuchrolle, 20 x 20 cm, 1-lagig, hochweiss, Pack 6 Rollen<\/p>\n","protected":false},"featured_media":2251,"comment_status":"open","ping_status":"closed","template":"","meta":[],"product_cat":[44,56],"product_tag":[],"_links":{"self":[{"href":"https:\/\/tusac.ch\/fr\/wp-json\/wp\/v2\/product\/1187"}],"collection":[{"href":"https:\/\/tusac.ch\/fr\/wp-json\/wp\/v2\/product"}],"about":[{"href":"https:\/\/tusac.ch\/fr\/wp-json\/wp\/v2\/types\/product"}],"replies":[{"embeddable":true,"href":"https:\/\/tusac.ch\/fr\/wp-json\/wp\/v2\/comments?post=1187"}],"wp:featuredmedia":[{"embeddable":true,"href":"https:\/\/tusac.ch\/fr\/wp-json\/wp\/v2\/media\/2251"}],"wp:attachment":[{"href":"https:\/\/tusac.ch\/fr\/wp-json\/wp\/v2\/media?parent=1187"}],"wp:term":[{"taxonomy":"product_cat","embeddable":true,"href":"https:\/\/tusac.ch\/fr\/wp-json\/wp\/v2\/product_cat?post=1187"},{"taxonomy":"product_tag","embeddable":true,"href":"https:\/\/tusac.ch\/fr\/wp-json\/wp\/v2\/product_tag?post=1187"}],"curies":[{"name":"wp","href":"https:\/\/api.w.org\/{rel}","templated":true}]}}