{"id":1176,"date":"2018-01-16T16:44:15","date_gmt":"2018-01-16T16:44:15","guid":{"rendered":"https:\/\/tusac.lange-development.ch\/produkt\/graffiti-entferner\/"},"modified":"2021-06-07T13:08:05","modified_gmt":"2021-06-07T13:08:05","slug":"graffiti-entferner","status":"publish","type":"product","link":"https:\/\/tusac.ch\/fr\/shop\/reinigung-und-unterhalt\/reinigungsmittel\/graffiti-entferner\/","title":{"rendered":"Graffiti Entferner 10ltr"},"content":{"rendered":"<p>Tusac Graffiti-Entferner auf L\u00f6sungsmittel-Basis, zur Entfernung von hartn\u00e4ckigen Graffitis. Nicht geeignet f\u00fcr die Anwendung auf lackierten Oberfl\u00e4chen, empfindlichen Kunststoffen, PVC, Synthetics und Linoleum. Produkt vor Anwendung an unsichtbarer Stelle auf Vertr\u00e4glichkeit pr\u00fcfen.<\/p>\n<p>Eigenschaften: Spezielle Additive erm\u00f6glichen eine langandauernde Tiefenwirkung. Der Zusatz von Verlaufhilfsmitteln garantiert auch die Anwendung an senkrechten Fl\u00e4chen.<\/p>\n<p>Anwednung: Vor Gebrauch aufsch\u00fctteln. Graffiti-Entferner mit Pinsel auf das Graffiti auftragen, 5-10 min einwirken lassen. Vorsicht: lackierte Fl\u00e4chen durch Abdecken sch\u00fctzen.<\/p>\n","protected":false},"excerpt":{"rendered":"<p>Tusac Graffiti-Entferner, Kanister 10 ltr<\/p>\n","protected":false},"featured_media":2955,"comment_status":"open","ping_status":"closed","template":"","meta":[],"product_cat":[41,49],"product_tag":[],"_links":{"self":[{"href":"https:\/\/tusac.ch\/fr\/wp-json\/wp\/v2\/product\/1176"}],"collection":[{"href":"https:\/\/tusac.ch\/fr\/wp-json\/wp\/v2\/product"}],"about":[{"href":"https:\/\/tusac.ch\/fr\/wp-json\/wp\/v2\/types\/product"}],"replies":[{"embeddable":true,"href":"https:\/\/tusac.ch\/fr\/wp-json\/wp\/v2\/comments?post=1176"}],"wp:featuredmedia":[{"embeddable":true,"href":"https:\/\/tusac.ch\/fr\/wp-json\/wp\/v2\/media\/2955"}],"wp:attachment":[{"href":"https:\/\/tusac.ch\/fr\/wp-json\/wp\/v2\/media?parent=1176"}],"wp:term":[{"taxonomy":"product_cat","embeddable":true,"href":"https:\/\/tusac.ch\/fr\/wp-json\/wp\/v2\/product_cat?post=1176"},{"taxonomy":"product_tag","embeddable":true,"href":"https:\/\/tusac.ch\/fr\/wp-json\/wp\/v2\/product_tag?post=1176"}],"curies":[{"name":"wp","href":"https:\/\/api.w.org\/{rel}","templated":true}]}}