{"id":1164,"date":"2018-01-16T16:44:14","date_gmt":"2018-01-16T16:44:14","guid":{"rendered":"https:\/\/tusac.lange-development.ch\/produkt\/fulcron-2\/"},"modified":"2026-03-03T10:51:13","modified_gmt":"2026-03-03T10:51:13","slug":"fulcron-2","status":"publish","type":"product","link":"https:\/\/tusac.ch\/fr\/shop\/reinigung-und-unterhalt\/reinigungsmittel\/fulcron-2\/","title":{"rendered":"Fulcron Universalreiniger"},"content":{"rendered":"<p>Fulcron Arexons Universalreiniger, geeignet f\u00fcr die Reinigung von Motor, Chassis, Felgen, Vorreiniger, \u00d6lflecken, Pl\u00e4ttli und B\u00f6den, Hartplastik, Cabrioverdeck, Planen, Polster, Teppiche und Flecken, Carrosserie, Insekten, Teer, Flugrost, Sanit\u00e4r, Kalk, Glas, Armaturen und Holz. Entfernt Schmutz in wenigen Sekunden. Das Konzentrat kann pur und verd\u00fcnnt benutzt werden.<\/p>\n","protected":false},"excerpt":{"rendered":"<p>Universalreiniger, 25ltr<\/p>\n","protected":false},"featured_media":2991,"comment_status":"open","ping_status":"closed","template":"","meta":[],"product_cat":[41,49],"product_tag":[],"_links":{"self":[{"href":"https:\/\/tusac.ch\/fr\/wp-json\/wp\/v2\/product\/1164"}],"collection":[{"href":"https:\/\/tusac.ch\/fr\/wp-json\/wp\/v2\/product"}],"about":[{"href":"https:\/\/tusac.ch\/fr\/wp-json\/wp\/v2\/types\/product"}],"replies":[{"embeddable":true,"href":"https:\/\/tusac.ch\/fr\/wp-json\/wp\/v2\/comments?post=1164"}],"wp:featuredmedia":[{"embeddable":true,"href":"https:\/\/tusac.ch\/fr\/wp-json\/wp\/v2\/media\/2991"}],"wp:attachment":[{"href":"https:\/\/tusac.ch\/fr\/wp-json\/wp\/v2\/media?parent=1164"}],"wp:term":[{"taxonomy":"product_cat","embeddable":true,"href":"https:\/\/tusac.ch\/fr\/wp-json\/wp\/v2\/product_cat?post=1164"},{"taxonomy":"product_tag","embeddable":true,"href":"https:\/\/tusac.ch\/fr\/wp-json\/wp\/v2\/product_tag?post=1164"}],"curies":[{"name":"wp","href":"https:\/\/api.w.org\/{rel}","templated":true}]}}