{"id":1158,"date":"2018-01-16T16:44:14","date_gmt":"2018-01-16T16:44:14","guid":{"rendered":"https:\/\/tusac.lange-development.ch\/produkt\/flockungsmittel-power-plus\/"},"modified":"2022-02-12T07:57:16","modified_gmt":"2022-02-12T07:57:16","slug":"flockungsmittel-power-plus","status":"publish","type":"product","link":"https:\/\/tusac.ch\/fr\/shop\/waschanlagen-chemie\/waschstrassen\/flockungsmittel-power-plus\/","title":{"rendered":"Flockungsmittel Power Plus PP800"},"content":{"rendered":"<p>Mit der Bildung stabiler Flocken, die durch Filtration, Flotation oder Sedimentation aus dem Wasser entfernt werden k\u00f6nnen, sorgt das Flockungsmittel PP800\u00a0f\u00fcr eine optimale Reinigung des Brauchwassers. Es verhindert die Sulfatreduktion und reduziert so \u00fcble Ger\u00fcche wie Schwefelwasserstoff. Zudem verringert es die Keimzahl, verbessert den chemischen Sauerstoffbedarf (CSB-Wert) und beugt durch niedrigere Salzfrachten der Anlagenkorrosion vor.<\/p>\n<p><strong>Anwendung \/ Dosierung<\/strong><\/p>\n<p>Unverd\u00fcnnt \u00fcber die Dosierpumpe so dem Wasserkreislauf zugeben, dass eine gute Durchmischung garantiert ist (z. B. im Kettenschacht). Verbrauch je nach Verschmutzungsgrad ca. 10\u201315 ml pro Fahrzeug.<\/p>\n","protected":false},"excerpt":{"rendered":"<p>Flockungsmittel Power Plus, Bidon 25ltr<\/p>\n","protected":false},"featured_media":2945,"comment_status":"open","ping_status":"closed","template":"","meta":[],"product_cat":[45,158,69,70],"product_tag":[],"_links":{"self":[{"href":"https:\/\/tusac.ch\/fr\/wp-json\/wp\/v2\/product\/1158"}],"collection":[{"href":"https:\/\/tusac.ch\/fr\/wp-json\/wp\/v2\/product"}],"about":[{"href":"https:\/\/tusac.ch\/fr\/wp-json\/wp\/v2\/types\/product"}],"replies":[{"embeddable":true,"href":"https:\/\/tusac.ch\/fr\/wp-json\/wp\/v2\/comments?post=1158"}],"wp:featuredmedia":[{"embeddable":true,"href":"https:\/\/tusac.ch\/fr\/wp-json\/wp\/v2\/media\/2945"}],"wp:attachment":[{"href":"https:\/\/tusac.ch\/fr\/wp-json\/wp\/v2\/media?parent=1158"}],"wp:term":[{"taxonomy":"product_cat","embeddable":true,"href":"https:\/\/tusac.ch\/fr\/wp-json\/wp\/v2\/product_cat?post=1158"},{"taxonomy":"product_tag","embeddable":true,"href":"https:\/\/tusac.ch\/fr\/wp-json\/wp\/v2\/product_tag?post=1158"}],"curies":[{"name":"wp","href":"https:\/\/api.w.org\/{rel}","templated":true}]}}