{"id":1151,"date":"2018-01-16T16:44:13","date_gmt":"2018-01-16T16:44:13","guid":{"rendered":"https:\/\/tusac.lange-development.ch\/produkt\/entkalker\/"},"modified":"2019-06-24T11:01:29","modified_gmt":"2019-06-24T11:01:29","slug":"entkalker","status":"publish","type":"product","link":"https:\/\/tusac.ch\/fr\/shop\/reinigung-und-unterhalt\/reinigungsmittel\/entkalker\/","title":{"rendered":"Entkalker &#038; Edelstahlreiniger 25ltr"},"content":{"rendered":"<p>Spezieller Edelstahlreiniger und Entkalker f\u00fcr Waschhallen.<br \/>\nEdelstahlreiniger und Entklaker auf Basis organischer S\u00e4uren f\u00fcr eine umweltbewusste Reinigung. Eignet sich besonders zur Reinigung von Edelstahlkomponenten und entfernt zuverl\u00e4ssig alle Kalkablagerungen auf Glas sowie in der Halle.<\/p>\n<p>Anwendung \/ Dosierung<br \/>\nProdukt pur bis maximal 1:2 (Chemie:Wasser) vormischen, auf die zu reinigende Oberfl\u00e4che mit einer B\u00fcrste einarbeiten und nach ca. 5 Minuten mit reichlich Wasser absp\u00fclen.<\/p>\n","protected":false},"excerpt":{"rendered":"<p>Spezieller Edelstahlreiniger und Entkalker f\u00fcr Waschhallen, 25ltr<\/p>\n","protected":false},"featured_media":2951,"comment_status":"open","ping_status":"closed","template":"","meta":[],"product_cat":[41,49],"product_tag":[],"_links":{"self":[{"href":"https:\/\/tusac.ch\/fr\/wp-json\/wp\/v2\/product\/1151"}],"collection":[{"href":"https:\/\/tusac.ch\/fr\/wp-json\/wp\/v2\/product"}],"about":[{"href":"https:\/\/tusac.ch\/fr\/wp-json\/wp\/v2\/types\/product"}],"replies":[{"embeddable":true,"href":"https:\/\/tusac.ch\/fr\/wp-json\/wp\/v2\/comments?post=1151"}],"wp:featuredmedia":[{"embeddable":true,"href":"https:\/\/tusac.ch\/fr\/wp-json\/wp\/v2\/media\/2951"}],"wp:attachment":[{"href":"https:\/\/tusac.ch\/fr\/wp-json\/wp\/v2\/media?parent=1151"}],"wp:term":[{"taxonomy":"product_cat","embeddable":true,"href":"https:\/\/tusac.ch\/fr\/wp-json\/wp\/v2\/product_cat?post=1151"},{"taxonomy":"product_tag","embeddable":true,"href":"https:\/\/tusac.ch\/fr\/wp-json\/wp\/v2\/product_tag?post=1151"}],"curies":[{"name":"wp","href":"https:\/\/api.w.org\/{rel}","templated":true}]}}