{"id":1114,"date":"2018-01-16T16:44:10","date_gmt":"2018-01-16T16:44:10","guid":{"rendered":"https:\/\/tusac.lange-development.ch\/produkt\/clima-1-powerfresh\/"},"modified":"2024-08-12T12:05:17","modified_gmt":"2024-08-12T12:05:17","slug":"clima-1-powerfresh","status":"publish","type":"product","link":"https:\/\/tusac.ch\/fr\/shop\/reinigung-und-unterhalt\/innenpflege\/clima-1-powerfresh\/","title":{"rendered":"Clima-1 Powerfresh Klimareiniger 150ml"},"content":{"rendered":"<p>Klimareiniger und Geruchsbeseitiger<\/p>\n<p>Gerade nach der feucht-kalten Jahreszeit ist die Gefahr von Schimmel, Bakterien und Viren im Fahrzeuginnenraum sehr hoch. Klimaanlagen bieten einen idealen N\u00e4hrboden. Geruchsbildung und Gesundheitsgef\u00e4hrdung sind oft die Folgen.<\/p>\n<p>Tusac Clima-1 powerfresh ist der perfekte Klimaanlagen-Reinigungsspray:<br \/>\nEr reinigt und desinfiziert dabei nachhaltig s\u00e4mtliche L\u00fcftungskan\u00e4le. Er wirkt zuverl\u00e4ssig gegen Schimmel und Bakterien und neutralisiert Ger\u00fcche.<\/p>\n<p>Nach der kinderleichten 15-min\u00fctigen Anwendung pr\u00e4sentiert sich der komplette Innenraum angenehm frisch.<\/p>\n<p>Anwendung: Kinderleichte Anwendung garantiert!<br \/>\nDose vor Gebrauch sch\u00fctteln. Motor starten. Klimaanlage auf \u201ekalt\u201c, L\u00fcftung auf h\u00f6chste<br \/>\nStufe und Umluft stellen. L\u00fcftungsschlitze \u00f6ffnen.<\/p>\n<p>Fahrersitz ganz nach vorne schieben und R\u00fcckenlehne vorklappen. Dose hinter dem Fahrersitz im hinteren Fu\u00dfraum platzieren. Spr\u00fchkopf bis zum Einrasten durchdr\u00fccken.<\/p>\n<p>Fahrzeug verlassen, Fenster und T\u00fcren schlie\u00dfen. Nach 15 Minuten alle T\u00fcren \u00f6ffnen und das Fahrzeug ausl\u00fcften. Motor abstellen.<\/p>\n","protected":false},"excerpt":{"rendered":"<p>Klimareiniger powerfresh, beseitigt Ger\u00fcche und desinfiziert die Klimaanlage und den Innenraum, 150ml<\/p>\n","protected":false},"featured_media":2621,"comment_status":"open","ping_status":"closed","template":"","meta":[],"product_cat":[51,41],"product_tag":[],"_links":{"self":[{"href":"https:\/\/tusac.ch\/fr\/wp-json\/wp\/v2\/product\/1114"}],"collection":[{"href":"https:\/\/tusac.ch\/fr\/wp-json\/wp\/v2\/product"}],"about":[{"href":"https:\/\/tusac.ch\/fr\/wp-json\/wp\/v2\/types\/product"}],"replies":[{"embeddable":true,"href":"https:\/\/tusac.ch\/fr\/wp-json\/wp\/v2\/comments?post=1114"}],"wp:featuredmedia":[{"embeddable":true,"href":"https:\/\/tusac.ch\/fr\/wp-json\/wp\/v2\/media\/2621"}],"wp:attachment":[{"href":"https:\/\/tusac.ch\/fr\/wp-json\/wp\/v2\/media?parent=1114"}],"wp:term":[{"taxonomy":"product_cat","embeddable":true,"href":"https:\/\/tusac.ch\/fr\/wp-json\/wp\/v2\/product_cat?post=1114"},{"taxonomy":"product_tag","embeddable":true,"href":"https:\/\/tusac.ch\/fr\/wp-json\/wp\/v2\/product_tag?post=1114"}],"curies":[{"name":"wp","href":"https:\/\/api.w.org\/{rel}","templated":true}]}}